{"id":138,"date":"2020-07-30T13:49:35","date_gmt":"2020-07-30T13:49:35","guid":{"rendered":"http:\/\/rockcandystickshop.com\/?page_id=138"},"modified":"2021-01-15T14:24:11","modified_gmt":"2021-01-15T14:24:11","slug":"beeindrucken","status":"publish","type":"page","link":"https:\/\/rockcandystickshop.com\/de\/beeindrucken\/","title":{"rendered":"Beeindrucken"},"content":{"rendered":"<h3>Beeindrucken<\/h3>\n<div class=\"wpb_text_column wpb_content_element \">\n<div class=\"wpb_wrapper\">\n<p>Lieber Anfrager,<\/p>\n<p>Wenn Sie uns kontaktieren m\u00f6chten, senden Sie uns Bitte Ihre Anfrage an die info@coffeelovers.hu E-Mail-Adresse.<br \/>\nUnsere Kollegen werden so schnell wie m\u00f6glich, sp\u00e4testens jedoch 24 Stunden, auf Ihre Nachricht antworten.<\/p>\n<p>&nbsp;<\/p>\n<p>Firmeninformationen und Kontaktdaten:<\/p>\n<p>Firmenname: Coffee Lovers Ltd.<br \/>\nHauptsitz: 6720 Szeged, Tisza Lajos krt. 14. Anhang I\/4<br \/>\nE-Mail: info@coffeelovers.hu<br \/>\nTelefonnummer: 06 70 381 1178<br \/>\nSteuernummer: 25856279-2-06<br \/>\nFirmenbuchnummer: 06-09-023298<br \/>\nRegistrierungsnummer f\u00fcr das Datenmanagement: NAIH-92479\/2015<\/p>\n<p>T\u00e4tigkeitszertifikat f\u00fcr Edelmetallartikel: PR7932<\/p>\n<p>PMT-Richtlinie<br \/>\nPMT-Entscheidung<\/p>\n<p>Mitgliedschaft in der Kammer: Ihk<\/p>\n<p>&nbsp;<\/p>\n<p>Hosting-Anbieter:<\/p>\n<p>T\u00e1rhely.Eu Service AG (Sitz: 1097 Budapest, K.L. K\u00f6nyvs Boulevard 12-14 , Firmennummer: 01-09-909968, Steuernummer: 14571332-2-42).<\/p>\n<blockquote class=\"wp-embedded-content\" data-secret=\"6WvdPniKvk\"><p><a href=\"https:\/\/coffeetry.hu\/vasarlasi-tajekoztato\/\">V\u00e1s\u00e1rl\u00e1si t\u00e1j\u00e9koztat\u00f3<\/a><\/p><\/blockquote>\n<p><iframe loading=\"lazy\" class=\"wp-embedded-content\" sandbox=\"allow-scripts\" security=\"restricted\" style=\"position: absolute; clip: rect(1px, 1px, 1px, 1px);\" title=\"&#8220;V\u00e1s\u00e1rl\u00e1si t\u00e1j\u00e9koztat\u00f3&#8221; &#8212; Cukor Shop\" src=\"https:\/\/coffeetry.hu\/vasarlasi-tajekoztato\/embed\/#?secret=6WvdPniKvk\" data-secret=\"6WvdPniKvk\" width=\"600\" height=\"338\" frameborder=\"0\" marginwidth=\"0\" marginheight=\"0\" scrolling=\"no\"><\/iframe><\/p>\n<\/div>\n<\/div>\n","protected":false},"excerpt":{"rendered":"<p>Beeindrucken Lieber Anfrager, Wenn Sie uns kontaktieren m\u00f6chten, senden Sie uns Bitte Ihre Anfrage an die info@coffeelovers.hu E-Mail-Adresse. Unsere Kollegen werden so schnell wie m\u00f6glich, sp\u00e4testens jedoch 24 Stunden, auf&#8230;<\/p>\n","protected":false},"author":1,"featured_media":0,"parent":0,"menu_order":0,"comment_status":"closed","ping_status":"closed","template":"","meta":{"footnotes":""},"class_list":["post-138","page","type-page","status-publish"],"yoast_head":"<!-- This site is optimized with the Yoast SEO plugin v24.0 - https:\/\/yoast.com\/wordpress\/plugins\/seo\/ -->\n<title>Beeindrucken - Rock Candy Stick Shop<\/title>\n<meta name=\"description\" content=\"Beeindrucken - Lieber Anfrager,Wenn Sie uns kontaktieren m\u00f6chten, senden Sie uns Bitte Ihre Anfrage an die info@coffeelovers.hu E-Mail-Adress\" \/>\n<meta name=\"robots\" content=\"index, follow, max-snippet:-1, max-image-preview:large, max-video-preview:-1\" \/>\n<link rel=\"canonical\" href=\"https:\/\/rockcandystickshop.com\/de\/beeindrucken\/\" \/>\n<meta property=\"og:locale\" content=\"de_DE\" \/>\n<meta property=\"og:type\" content=\"article\" \/>\n<meta property=\"og:title\" content=\"Beeindrucken - Rock Candy Stick Shop\" \/>\n<meta property=\"og:description\" content=\"Beeindrucken - Lieber Anfrager,Wenn Sie uns kontaktieren m\u00f6chten, senden Sie uns Bitte Ihre Anfrage an die info@coffeelovers.hu E-Mail-Adress\" \/>\n<meta property=\"og:url\" content=\"https:\/\/rockcandystickshop.com\/de\/beeindrucken\/\" \/>\n<meta property=\"og:site_name\" content=\"Rock Candy Stick Shop\" \/>\n<meta property=\"article:modified_time\" content=\"2021-01-15T14:24:11+00:00\" \/>\n<meta name=\"twitter:card\" content=\"summary_large_image\" \/>\n<meta name=\"twitter:label1\" content=\"Gesch\u00e4tzte Lesezeit\" \/>\n\t<meta name=\"twitter:data1\" content=\"1\u00a0Minute\" \/>\n<script type=\"application\/ld+json\" class=\"yoast-schema-graph\">{\"@context\":\"https:\/\/schema.org\",\"@graph\":[{\"@type\":\"WebPage\",\"@id\":\"https:\/\/rockcandystickshop.com\/de\/beeindrucken\/\",\"url\":\"https:\/\/rockcandystickshop.com\/de\/beeindrucken\/\",\"name\":\"Beeindrucken - Rock Candy Stick Shop\",\"isPartOf\":{\"@id\":\"https:\/\/rockcandystickshop.com\/de\/#website\"},\"datePublished\":\"2020-07-30T13:49:35+00:00\",\"dateModified\":\"2021-01-15T14:24:11+00:00\",\"description\":\"Beeindrucken - Lieber Anfrager,Wenn Sie uns kontaktieren m\u00f6chten, senden Sie uns Bitte Ihre Anfrage an die info@coffeelovers.hu E-Mail-Adress\",\"breadcrumb\":{\"@id\":\"https:\/\/rockcandystickshop.com\/de\/beeindrucken\/#breadcrumb\"},\"inLanguage\":\"de\",\"potentialAction\":[{\"@type\":\"ReadAction\",\"target\":[\"https:\/\/rockcandystickshop.com\/de\/beeindrucken\/\"]}]},{\"@type\":\"BreadcrumbList\",\"@id\":\"https:\/\/rockcandystickshop.com\/de\/beeindrucken\/#breadcrumb\",\"itemListElement\":[{\"@type\":\"ListItem\",\"position\":1,\"name\":\"Home\",\"item\":\"https:\/\/rockcandystickshop.com\/de\/rock-candy-stick-mit-liebe-gemacht\/\"},{\"@type\":\"ListItem\",\"position\":2,\"name\":\"Beeindrucken\"}]},{\"@type\":\"WebSite\",\"@id\":\"https:\/\/rockcandystickshop.com\/de\/#website\",\"url\":\"https:\/\/rockcandystickshop.com\/de\/\",\"name\":\"Rock Candy Stick Shop\",\"description\":\"ROCK CANDY STICK \u2013 The most elegant form of cane sugar!\",\"potentialAction\":[{\"@type\":\"SearchAction\",\"target\":{\"@type\":\"EntryPoint\",\"urlTemplate\":\"https:\/\/rockcandystickshop.com\/de\/?s={search_term_string}\"},\"query-input\":{\"@type\":\"PropertyValueSpecification\",\"valueRequired\":true,\"valueName\":\"search_term_string\"}}],\"inLanguage\":\"de\"}]}<\/script>\n<!-- \/ Yoast SEO plugin. -->","yoast_head_json":{"title":"Beeindrucken - Rock Candy Stick Shop","description":"Beeindrucken - Lieber Anfrager,Wenn Sie uns kontaktieren m\u00f6chten, senden Sie uns Bitte Ihre Anfrage an die info@coffeelovers.hu E-Mail-Adress","robots":{"index":"index","follow":"follow","max-snippet":"max-snippet:-1","max-image-preview":"max-image-preview:large","max-video-preview":"max-video-preview:-1"},"canonical":"https:\/\/rockcandystickshop.com\/de\/beeindrucken\/","og_locale":"de_DE","og_type":"article","og_title":"Beeindrucken - Rock Candy Stick Shop","og_description":"Beeindrucken - Lieber Anfrager,Wenn Sie uns kontaktieren m\u00f6chten, senden Sie uns Bitte Ihre Anfrage an die info@coffeelovers.hu E-Mail-Adress","og_url":"https:\/\/rockcandystickshop.com\/de\/beeindrucken\/","og_site_name":"Rock Candy Stick Shop","article_modified_time":"2021-01-15T14:24:11+00:00","twitter_card":"summary_large_image","twitter_misc":{"Gesch\u00e4tzte Lesezeit":"1\u00a0Minute"},"schema":{"@context":"https:\/\/schema.org","@graph":[{"@type":"WebPage","@id":"https:\/\/rockcandystickshop.com\/de\/beeindrucken\/","url":"https:\/\/rockcandystickshop.com\/de\/beeindrucken\/","name":"Beeindrucken - Rock Candy Stick Shop","isPartOf":{"@id":"https:\/\/rockcandystickshop.com\/de\/#website"},"datePublished":"2020-07-30T13:49:35+00:00","dateModified":"2021-01-15T14:24:11+00:00","description":"Beeindrucken - Lieber Anfrager,Wenn Sie uns kontaktieren m\u00f6chten, senden Sie uns Bitte Ihre Anfrage an die info@coffeelovers.hu E-Mail-Adress","breadcrumb":{"@id":"https:\/\/rockcandystickshop.com\/de\/beeindrucken\/#breadcrumb"},"inLanguage":"de","potentialAction":[{"@type":"ReadAction","target":["https:\/\/rockcandystickshop.com\/de\/beeindrucken\/"]}]},{"@type":"BreadcrumbList","@id":"https:\/\/rockcandystickshop.com\/de\/beeindrucken\/#breadcrumb","itemListElement":[{"@type":"ListItem","position":1,"name":"Home","item":"https:\/\/rockcandystickshop.com\/de\/rock-candy-stick-mit-liebe-gemacht\/"},{"@type":"ListItem","position":2,"name":"Beeindrucken"}]},{"@type":"WebSite","@id":"https:\/\/rockcandystickshop.com\/de\/#website","url":"https:\/\/rockcandystickshop.com\/de\/","name":"Rock Candy Stick Shop","description":"ROCK CANDY STICK \u2013 The most elegant form of cane sugar!","potentialAction":[{"@type":"SearchAction","target":{"@type":"EntryPoint","urlTemplate":"https:\/\/rockcandystickshop.com\/de\/?s={search_term_string}"},"query-input":{"@type":"PropertyValueSpecification","valueRequired":true,"valueName":"search_term_string"}}],"inLanguage":"de"}]}},"_links":{"self":[{"href":"https:\/\/rockcandystickshop.com\/de\/wp-json\/wp\/v2\/pages\/138","targetHints":{"allow":["GET"]}}],"collection":[{"href":"https:\/\/rockcandystickshop.com\/de\/wp-json\/wp\/v2\/pages"}],"about":[{"href":"https:\/\/rockcandystickshop.com\/de\/wp-json\/wp\/v2\/types\/page"}],"author":[{"embeddable":true,"href":"https:\/\/rockcandystickshop.com\/de\/wp-json\/wp\/v2\/users\/1"}],"replies":[{"embeddable":true,"href":"https:\/\/rockcandystickshop.com\/de\/wp-json\/wp\/v2\/comments?post=138"}],"version-history":[{"count":5,"href":"https:\/\/rockcandystickshop.com\/de\/wp-json\/wp\/v2\/pages\/138\/revisions"}],"predecessor-version":[{"id":363,"href":"https:\/\/rockcandystickshop.com\/de\/wp-json\/wp\/v2\/pages\/138\/revisions\/363"}],"wp:attachment":[{"href":"https:\/\/rockcandystickshop.com\/de\/wp-json\/wp\/v2\/media?parent=138"}],"curies":[{"name":"wp","href":"https:\/\/api.w.org\/{rel}","templated":true}]}}