{"id":147,"date":"2020-07-30T13:53:04","date_gmt":"2020-07-30T13:53:04","guid":{"rendered":"http:\/\/rockcandystickshop.com\/?page_id=147"},"modified":"2021-01-15T14:27:49","modified_gmt":"2021-01-15T14:27:49","slug":"einkaufsinformationen","status":"publish","type":"page","link":"https:\/\/rockcandystickshop.com\/de\/einkaufsinformationen\/","title":{"rendered":"Kaufinformationen"},"content":{"rendered":"<p><strong>Kaufinformationen<\/strong><\/p>\n<p>Bevor Sie mit dem Kauf beginnen, m\u00fcssen Sie entscheiden, ob Sie sich im Webshop von coffee lovers ltd. anmelden oder ohne Registrierung kaufen m\u00f6chten. Wenn Sie erwarten, einen Webshop h\u00e4ufig zu besuchen, ist es eine gute Idee, sich zu registrieren, damit Sie nicht jedes Mal Ihre pers\u00f6nlichen Daten oder Lieferadressen angeben m\u00fcssen. Wenn Sie sich f\u00fcr Ihren ersten Kauf registrieren, m\u00fcssen Sie sich zuerst wie im Men\u00fc REGISTRIERUNG angegeben anmelden. Um einen sp\u00e4teren Kauf t\u00e4tigen zu k\u00f6nnen, m\u00fcssen Sie mit dem Benutzernamen und dem Passwort angemeldet sein, das Sie bei der Registrierung unter Login eingegeben haben.<br \/>\nIm Webshop k\u00f6nnen Sie jedes Produkt in einer Produktgruppe organisieren.<br \/>\nSie k\u00f6nnen die Produktgruppe ausw\u00e4hlen, die Sie interessiert, indem Sie auf ein Symbol oder einen Link klicken.<br \/>\nSie k\u00f6nnen das Produkt in der Produktgruppe bestellen, indem Sie das Produktsymbol oder den Link ausw\u00e4hlen.<br \/>\nF\u00fcr einige Produkte k\u00f6nnen Sie sie dann an ein ausgew\u00e4hltes Produkt anpassen.<br \/>\nDas Produkt kann durch Dr\u00fccken der IN DEN WARENKORB-Taste in Ihren Warenkorb gelegt werden.<br \/>\nSie k\u00f6nnen den Inhalt des Kundenwagens \u00fcberpr\u00fcfen, indem Sie die WARENKORB-Taste dr\u00fccken. Der Warenkorb zeigt die Anzahl der ausgew\u00e4hlten Produkte, die Anzahl der von Ihnen bestellten Produkte und den Bruttoeinkaufspreis an. Wenn Sie Ihren Warenkorb anzeigen, k\u00f6nnen Sie auf die entsprechende Schaltfl\u00e4che klicken, um:<\/p>\n<p>\u2013 einige Produkte aus Ihrem Warenkorb zu entfernen,<br \/>\n\u2013 \u00e4ndern Sie Ihre Bestellung und f\u00fcllen Sie den Inhalt des Warenkorbs aus. Nat\u00fcrlich haben Sie die M\u00f6glichkeit, Ihren Kauf fortzusetzen.<\/p>\n<p>Wenn Sie die gew\u00fcnschten Produkte ausgew\u00e4hlt haben, klicken Sie auf BESTELLEN. Wenn Sie beim Check-in nicht registriert sind, m\u00fcssen Sie dies nach Eingabe der Bestell- und Erf\u00fcllungsinformationen angeben.<br \/>\nBitte w\u00e4hlen Sie die gew\u00fcnschte Zahlungsmethode aus und \u00fcberpr\u00fcfen Sie die Lieferadresse, die bei der Registrierung angegeben wurde.<br \/>\nWenn Sie Irgendwelche zu Ihrer Bestellung haben, kontaktieren Sie uns bitte.<br \/>\nWenn die Bestellung abgeschlossen ist, klicken Sie auf WEITER ZUR LIEFERUNG.<br \/>\nSehen Sie sich die MEINE BESTELLUNG an, die Sie auf Ihrer Bestellung platziert haben.<br \/>\nSie haben dann die M\u00f6glichkeit, es zu \u00e4ndern, indem Sie auf die Schaltfl\u00e4che BESTELLUNG \u00c4NDERN klicken:<\/p>\n<p>&#8211; Dateneingabefehler (z. B. Transport und<br \/>\nRechnungsadresse ) &#8211; die Zahlungs- und Lieferart sowie<br \/>\n\u2013 den Inhalt der Bestellung (Kundenkorb). Um Ihre Bestellung zu abschlie\u00dfen, klicken Sie auf BESTELLUNG ABSCHLIE\u00dfEN.<\/p>\n<p>Nachdem Sie Ihre Bestellung aufgegeben haben, wird Ihre Bestellung automatisch per E-Mail best\u00e4tigt. Wenn Sie innerhalb von 48 Stunden keine Best\u00e4tigung an die von Ihnen angegebene E-Mail-Adresse erhalten, sind Sie von der Angebotsverpflichtung befreit. Nach der Bestellung werden wir mit der Abholung der in der Bestellung angegebenen Produkte aus dem zentralen Lagerbestand beginnen. Wenn ein bestelltes Produkt im Zentralinventar fehlt, informieren wir Sie innerhalb von 48 Stunden nach der Bestellung per E-Mail, in diesem Fall haben Sie die M\u00f6glichkeit, Ihre Bestellung zu \u00e4ndern.<\/p>\n<p>Sie haben die M\u00f6glichkeit, eine gesendete Bestellung zu \u00e4ndern oder zu stornieren, wenn sie nicht vom Fehlen eines bestellten Produkts abh\u00e4ngt. In diesem Fall k\u00f6nnen Sie Ihre Bestellung sp\u00e4testens 24 Stunden nach der Bestellung \u00e4ndern oder stornieren. Sie k\u00f6nnen das Lieferdatum \u00e4ndern, um den Auftrag zu \u00e4ndern.<\/p>\n","protected":false},"excerpt":{"rendered":"<p>Kaufinformationen Bevor Sie mit dem Kauf beginnen, m\u00fcssen Sie entscheiden, ob Sie sich im Webshop von coffee lovers ltd. anmelden oder ohne Registrierung kaufen m\u00f6chten. Wenn Sie erwarten, einen Webshop&#8230;<\/p>\n","protected":false},"author":1,"featured_media":0,"parent":0,"menu_order":0,"comment_status":"closed","ping_status":"closed","template":"","meta":{"footnotes":""},"class_list":["post-147","page","type-page","status-publish"],"yoast_head":"<!-- This site is optimized with the Yoast SEO plugin v24.0 - https:\/\/yoast.com\/wordpress\/plugins\/seo\/ -->\n<title>Kaufinformationen - Rock Candy Stick Shop<\/title>\n<meta name=\"description\" content=\"Kaufinformationen - Bevor Sie mit dem Kauf beginnen, m\u00fcssen Sie entscheiden, ob Sie sich im Webshop von coffee lovers ltd. anmelden oder\" \/>\n<meta name=\"robots\" content=\"index, follow, max-snippet:-1, max-image-preview:large, max-video-preview:-1\" \/>\n<link rel=\"canonical\" href=\"https:\/\/rockcandystickshop.com\/de\/einkaufsinformationen\/\" \/>\n<meta property=\"og:locale\" content=\"de_DE\" \/>\n<meta property=\"og:type\" content=\"article\" \/>\n<meta property=\"og:title\" content=\"Kaufinformationen - Rock Candy Stick Shop\" \/>\n<meta property=\"og:description\" content=\"Kaufinformationen - Bevor Sie mit dem Kauf beginnen, m\u00fcssen Sie entscheiden, ob Sie sich im Webshop von coffee lovers ltd. anmelden oder\" \/>\n<meta property=\"og:url\" content=\"https:\/\/rockcandystickshop.com\/de\/einkaufsinformationen\/\" \/>\n<meta property=\"og:site_name\" content=\"Rock Candy Stick Shop\" \/>\n<meta property=\"article:modified_time\" content=\"2021-01-15T14:27:49+00:00\" \/>\n<meta name=\"twitter:card\" content=\"summary_large_image\" \/>\n<meta name=\"twitter:label1\" content=\"Gesch\u00e4tzte Lesezeit\" \/>\n\t<meta name=\"twitter:data1\" content=\"3\u00a0Minuten\" \/>\n<script type=\"application\/ld+json\" class=\"yoast-schema-graph\">{\"@context\":\"https:\/\/schema.org\",\"@graph\":[{\"@type\":\"WebPage\",\"@id\":\"https:\/\/rockcandystickshop.com\/de\/einkaufsinformationen\/\",\"url\":\"https:\/\/rockcandystickshop.com\/de\/einkaufsinformationen\/\",\"name\":\"Kaufinformationen - Rock Candy Stick Shop\",\"isPartOf\":{\"@id\":\"https:\/\/rockcandystickshop.com\/de\/#website\"},\"datePublished\":\"2020-07-30T13:53:04+00:00\",\"dateModified\":\"2021-01-15T14:27:49+00:00\",\"description\":\"Kaufinformationen - Bevor Sie mit dem Kauf beginnen, m\u00fcssen Sie entscheiden, ob Sie sich im Webshop von coffee lovers ltd. anmelden oder\",\"breadcrumb\":{\"@id\":\"https:\/\/rockcandystickshop.com\/de\/einkaufsinformationen\/#breadcrumb\"},\"inLanguage\":\"de\",\"potentialAction\":[{\"@type\":\"ReadAction\",\"target\":[\"https:\/\/rockcandystickshop.com\/de\/einkaufsinformationen\/\"]}]},{\"@type\":\"BreadcrumbList\",\"@id\":\"https:\/\/rockcandystickshop.com\/de\/einkaufsinformationen\/#breadcrumb\",\"itemListElement\":[{\"@type\":\"ListItem\",\"position\":1,\"name\":\"Home\",\"item\":\"https:\/\/rockcandystickshop.com\/de\/rock-candy-stick-mit-liebe-gemacht\/\"},{\"@type\":\"ListItem\",\"position\":2,\"name\":\"Kaufinformationen\"}]},{\"@type\":\"WebSite\",\"@id\":\"https:\/\/rockcandystickshop.com\/de\/#website\",\"url\":\"https:\/\/rockcandystickshop.com\/de\/\",\"name\":\"Rock Candy Stick Shop\",\"description\":\"ROCK CANDY STICK \u2013 The most elegant form of cane sugar!\",\"potentialAction\":[{\"@type\":\"SearchAction\",\"target\":{\"@type\":\"EntryPoint\",\"urlTemplate\":\"https:\/\/rockcandystickshop.com\/de\/?s={search_term_string}\"},\"query-input\":{\"@type\":\"PropertyValueSpecification\",\"valueRequired\":true,\"valueName\":\"search_term_string\"}}],\"inLanguage\":\"de\"}]}<\/script>\n<!-- \/ Yoast SEO plugin. -->","yoast_head_json":{"title":"Kaufinformationen - Rock Candy Stick Shop","description":"Kaufinformationen - Bevor Sie mit dem Kauf beginnen, m\u00fcssen Sie entscheiden, ob Sie sich im Webshop von coffee lovers ltd. anmelden oder","robots":{"index":"index","follow":"follow","max-snippet":"max-snippet:-1","max-image-preview":"max-image-preview:large","max-video-preview":"max-video-preview:-1"},"canonical":"https:\/\/rockcandystickshop.com\/de\/einkaufsinformationen\/","og_locale":"de_DE","og_type":"article","og_title":"Kaufinformationen - Rock Candy Stick Shop","og_description":"Kaufinformationen - Bevor Sie mit dem Kauf beginnen, m\u00fcssen Sie entscheiden, ob Sie sich im Webshop von coffee lovers ltd. anmelden oder","og_url":"https:\/\/rockcandystickshop.com\/de\/einkaufsinformationen\/","og_site_name":"Rock Candy Stick Shop","article_modified_time":"2021-01-15T14:27:49+00:00","twitter_card":"summary_large_image","twitter_misc":{"Gesch\u00e4tzte Lesezeit":"3\u00a0Minuten"},"schema":{"@context":"https:\/\/schema.org","@graph":[{"@type":"WebPage","@id":"https:\/\/rockcandystickshop.com\/de\/einkaufsinformationen\/","url":"https:\/\/rockcandystickshop.com\/de\/einkaufsinformationen\/","name":"Kaufinformationen - Rock Candy Stick Shop","isPartOf":{"@id":"https:\/\/rockcandystickshop.com\/de\/#website"},"datePublished":"2020-07-30T13:53:04+00:00","dateModified":"2021-01-15T14:27:49+00:00","description":"Kaufinformationen - Bevor Sie mit dem Kauf beginnen, m\u00fcssen Sie entscheiden, ob Sie sich im Webshop von coffee lovers ltd. anmelden oder","breadcrumb":{"@id":"https:\/\/rockcandystickshop.com\/de\/einkaufsinformationen\/#breadcrumb"},"inLanguage":"de","potentialAction":[{"@type":"ReadAction","target":["https:\/\/rockcandystickshop.com\/de\/einkaufsinformationen\/"]}]},{"@type":"BreadcrumbList","@id":"https:\/\/rockcandystickshop.com\/de\/einkaufsinformationen\/#breadcrumb","itemListElement":[{"@type":"ListItem","position":1,"name":"Home","item":"https:\/\/rockcandystickshop.com\/de\/rock-candy-stick-mit-liebe-gemacht\/"},{"@type":"ListItem","position":2,"name":"Kaufinformationen"}]},{"@type":"WebSite","@id":"https:\/\/rockcandystickshop.com\/de\/#website","url":"https:\/\/rockcandystickshop.com\/de\/","name":"Rock Candy Stick Shop","description":"ROCK CANDY STICK \u2013 The most elegant form of cane sugar!","potentialAction":[{"@type":"SearchAction","target":{"@type":"EntryPoint","urlTemplate":"https:\/\/rockcandystickshop.com\/de\/?s={search_term_string}"},"query-input":{"@type":"PropertyValueSpecification","valueRequired":true,"valueName":"search_term_string"}}],"inLanguage":"de"}]}},"_links":{"self":[{"href":"https:\/\/rockcandystickshop.com\/de\/wp-json\/wp\/v2\/pages\/147","targetHints":{"allow":["GET"]}}],"collection":[{"href":"https:\/\/rockcandystickshop.com\/de\/wp-json\/wp\/v2\/pages"}],"about":[{"href":"https:\/\/rockcandystickshop.com\/de\/wp-json\/wp\/v2\/types\/page"}],"author":[{"embeddable":true,"href":"https:\/\/rockcandystickshop.com\/de\/wp-json\/wp\/v2\/users\/1"}],"replies":[{"embeddable":true,"href":"https:\/\/rockcandystickshop.com\/de\/wp-json\/wp\/v2\/comments?post=147"}],"version-history":[{"count":4,"href":"https:\/\/rockcandystickshop.com\/de\/wp-json\/wp\/v2\/pages\/147\/revisions"}],"predecessor-version":[{"id":366,"href":"https:\/\/rockcandystickshop.com\/de\/wp-json\/wp\/v2\/pages\/147\/revisions\/366"}],"wp:attachment":[{"href":"https:\/\/rockcandystickshop.com\/de\/wp-json\/wp\/v2\/media?parent=147"}],"curies":[{"name":"wp","href":"https:\/\/api.w.org\/{rel}","templated":true}]}}