{"id":274,"date":"2020-07-31T12:38:06","date_gmt":"2020-07-31T12:38:06","guid":{"rendered":"https:\/\/rockcandystickshop.com\/product\/white-brown-rock-candy-stick-short-or-long-cane-10-pcs-pack\/"},"modified":"2022-06-10T20:04:45","modified_gmt":"2022-06-10T20:04:45","slug":"weiss-brauner-kandisstabe-10-stck","status":"publish","type":"product","link":"https:\/\/rockcandystickshop.com\/de\/produkt\/weiss-brauner-kandisstabe-10-stck\/","title":{"rendered":"Wei\u00df-brauner Kandisst\u00e4be (10 stck)"},"content":{"rendered":"[vc_row type=&#8221;in_container&#8221; full_screen_row_position=&#8221;middle&#8221; column_margin=&#8221;default&#8221; column_direction=&#8221;default&#8221; column_direction_tablet=&#8221;default&#8221; column_direction_phone=&#8221;default&#8221; scene_position=&#8221;center&#8221; text_color=&#8221;dark&#8221; text_align=&#8221;left&#8221; row_border_radius=&#8221;none&#8221; row_border_radius_applies=&#8221;bg&#8221; overflow=&#8221;visible&#8221; overlay_strength=&#8221;0.3&#8243; gradient_direction=&#8221;left_to_right&#8221; shape_divider_position=&#8221;bottom&#8221; bg_image_animation=&#8221;none&#8221;][vc_column column_padding=&#8221;no-extra-padding&#8221; column_padding_tablet=&#8221;inherit&#8221; column_padding_phone=&#8221;inherit&#8221; column_padding_position=&#8221;all&#8221; column_element_spacing=&#8221;default&#8221; background_color_opacity=&#8221;1&#8243; background_hover_color_opacity=&#8221;1&#8243; column_shadow=&#8221;none&#8221; column_border_radius=&#8221;none&#8221; column_link_target=&#8221;_self&#8221; column_position=&#8221;default&#8221; gradient_direction=&#8221;left_to_right&#8221; overlay_strength=&#8221;0.3&#8243; width=&#8221;1\/1&#8243; tablet_width_inherit=&#8221;default&#8221; tablet_text_alignment=&#8221;default&#8221; phone_text_alignment=&#8221;default&#8221; animation_type=&#8221;default&#8221; bg_image_animation=&#8221;none&#8221; border_type=&#8221;simple&#8221; column_border_width=&#8221;none&#8221; column_border_style=&#8221;solid&#8221;][toggles style=&#8221;minimal&#8221;][toggle color=&#8221;Default&#8221; title=&#8221;Beschreibung&#8221;][vc_column_text]Alles, was Sie \u00fcber das Kandis zucker Produkt wissen m\u00fcssen:<\/p>\n<p>Der Holzstab ist 9 cm lang und 0,25 bis 0,30 cm breit. Die L\u00e4nge des keulenf\u00f6rmigen kristallisierten Zuckeranteils betr\u00e4gt 2-3 cm. Die Gesamtl\u00e4nge des Zauberstabs einschlie\u00dflich des Kandis zucker Zuckerteils betr\u00e4gt 9-10 cm.<\/p>\n<p>&nbsp;<\/p>\n<p>Aufgrund ihrer L\u00e4nge lohnt es sich, diese Sticks neben einer kleineren Tasse Kaffee oder Tee zuzubereiten. Es kann eine ausgezeichnete Erg\u00e4nzung zu einem Cappuccino, einem Espresso oder sogar einer Tasse Roiboos, wei\u00dfem oder gr\u00fcnem Tee sein, aber selbst wenn es neben einem k\u00f6stlichen Erfrischungsgetr\u00e4nk platziert wird, ist es eine besonders elegante und schmackhafte Spezialit\u00e4t. Es besteht kein Grund zur Sorge, dass es sich verschlechtert, da es seine Qualit\u00e4t auf unbestimmte Zeit beibeh\u00e4lt.<\/p>\n<p>&nbsp;<\/p>\n<p>Braune, kurze Zuckerstangen k\u00f6nnen auf vielf\u00e4ltige Weise zum S\u00fc\u00dfen und Dekorieren von Speisen und Getr\u00e4nken verwendet werden. Die braune Farbe ist an sich schon eine gute Wahl, da sie zu fast allem passt, aber neben Kaffee- und Teespezialit\u00e4ten vielleicht die idealste ist. Es kann auch ein perfektes dekoratives Element f\u00fcr eine Hochzeit sein, die zum Beispiel von den Farben der Natur inspiriert ist, oder f\u00fcr eine elegante Firmenveranstaltung. Sicherlich erh\u00f6ht es den Standard der Gastfreundschaft und den Wert des G\u00e4steerlebnisses um Gr\u00f6\u00dfenordnungen! Und der Wert einer echten Erfahrung ist von unsch\u00e4tzbarem Wert! Dieses besondere Gef\u00fchl gibt Ihnen und Ihren G\u00e4sten diesen besonderen Zucker. Denn Zucker ist nicht nur S\u00fc\u00dfstoff! Zuckerstangenkaffee in Luxus!<\/p>\n<p>&nbsp;<\/p>\n<p>Bestellen Sie jetzt zu einem reduzierten Preis!<\/p>\n<p>&nbsp;<\/p>\n<p>Was ist Kandis zucker?<\/p>\n<p><a href=\"https:\/\/rockcandystickshop.com\/de\/\">Kandiszucker<\/a>, auch Puderzucker genannt, besteht aus gro\u00dfen, gro\u00dfen Kristallen mit einer L\u00e4nge von mindestens 5 Millimetern, die durch Abk\u00fchlen und langsames Sterilisieren einer Zuckerl\u00f6sung hergestellt werden. Kandis zucker wird mit einer speziellen Handwerkstechnik hergestellt, um die erstklassige Qualit\u00e4t der Produkte zu gew\u00e4hrleisten. Der fertige Bonbonzucker wird auf einem langen Holzstab fixiert, sodass der Verzehr neben hei\u00dfen Getr\u00e4nken nicht nur praktisch, sondern auch \u00e4u\u00dferst elegant ist.<\/p>\n<p>&nbsp;<\/p>\n<p>Warum empfehlen wir Kandiszucker?<\/p>\n<p>&#8211; Weil es ein elegantes und praktisches Accessoire f\u00fcr Kaffee und Tee ist.<\/p>\n<p>&#8211; Weil es den Standard und das Niveau von Caf\u00e9s, S\u00fc\u00dfwaren und Restaurants erh\u00f6ht.<\/p>\n<p>&#8220;Weil es den Moment des Kaffees zu einem Erlebnis macht.&#8221;<\/p>\n<p>&#8211; Weil Geschenkverpackungen ein echtes Juwel sein k\u00f6nnen.<\/p>\n<p>&#8211; Weil Tee- und Kaffeespezialit\u00e4ten von einem speziellen S\u00fc\u00dfstoff begleitet werden!<\/p>\n<p>&#8211; Weil es den Standard von Hochzeiten, Veranstaltungen, Geburtstagsveranstaltungen erh\u00f6ht.<\/p>\n<p>&#8211; Weil perfekte Limonaden-, Kaffee- und Teespezialit\u00e4ten die aufregende und abwechslungsreiche Welt der Aromen und Brillen hervorheben<\/p>\n<p>&#8220;Weil ein Gourmet-Abendessen ohne Qualit\u00e4tskaffee nicht auskommt, f\u00fcr den ein Qualit\u00e4tss\u00fc\u00dfstoff erforderlich ist.[\/vc_column_text][\/toggle][toggle color=&#8221;Default&#8221; title=&#8221;Zutaten&#8221;][vc_column_text]Materialzusammensetzung des Produkts pro 1 kg:<\/p>\n<p>&#8211; Saccharose: Minimum braun &#8211; 962 g, wei\u00df &#8211; 997 g. Braun:<\/p>\n<p>&#8211; Mit einem Gehalt von weniger als 2% im fertigen Produkt:<\/p>\n<p>* (E150a) Karamell: maximal: 1 g<\/p>\n<p>* (In \u00dcbereinstimmung mit den Bestimmungen von Anhang 1-2 Teil 1 Teil 1-2-94 \/ 36<\/p>\n<p>* Bei braunen Zuckerstangen ist die F\u00e4rbung des Kristallzuckers ausschlie\u00dflich mit nat\u00fcrlichem Karamell gef\u00fcllt<\/p>\n<p>&nbsp;<\/p>\n<p>Andere ausschlie\u00dflich nat\u00fcrliche Lebensmittelfarben:<\/p>\n<p>E150a, E120, E131, E163, E100, E160a, E141, Spirulina-Blau<\/p>\n<p>Sie k\u00f6nnen mehr \u00fcber unsere Zutaten lesen, indem Sie auf die Schaltfl\u00e4che unten klicken[\/vc_column_text][vc_column_text][\/vc_column_text][\/toggle][toggle color=&#8221;Default&#8221; title=&#8221;Allergene&#8221;][vc_column_text]Das Produkt enth\u00e4lt keiner Allergene![\/vc_column_text][vc_column_text][\/vc_column_text][\/toggle][toggle color=&#8221;Default&#8221; title=&#8221;Durchschnittlicher N\u00e4hrwert in 100 g Produkt&#8221;][vc_column_text]\n<table width=\"481\">\n<tbody>\n<tr>\n<td width=\"205\">Wei\u00dfe und farbenfrohe Produkte<\/td>\n<td width=\"157\">\/100 g<\/td>\n<td width=\"119\">\/3,5 g<\/td>\n<\/tr>\n<tr>\n<td><\/td>\n<td><\/td>\n<td><\/td>\n<\/tr>\n<tr>\n<td>Kalorie<\/td>\n<td>399 Kcal\/1686 kJ<\/td>\n<td>14 Kcal\/59kJ<\/td>\n<\/tr>\n<tr>\n<td>Protein<\/td>\n<td>&#8211;<\/td>\n<td>&#8211;<\/td>\n<\/tr>\n<tr>\n<td>Kohlenhydrat<\/td>\n<td>99,7 g<\/td>\n<td>3,49<\/td>\n<\/tr>\n<tr>\n<td>&#8211; davon Zucker<\/td>\n<td>99,7 g<\/td>\n<td>3,49<\/td>\n<\/tr>\n<tr>\n<td>Fett<\/td>\n<td>&#8211;<\/td>\n<td>&#8211;<\/td>\n<\/tr>\n<tr>\n<td>&#8211; davon ges\u00e4ttigte Fetts\u00e4uren<\/td>\n<td>&#8211;<\/td>\n<td>&#8211;<\/td>\n<\/tr>\n<tr>\n<td>Ballaststoff<\/td>\n<td>&#8211;<\/td>\n<td>&#8211;<\/td>\n<\/tr>\n<tr>\n<td>Salz<\/td>\n<td>&#8211;<\/td>\n<td>&#8211;<\/td>\n<\/tr>\n<\/tbody>\n<\/table>\n<p>&nbsp;<\/p>\n<table width=\"481\">\n<tbody>\n<tr>\n<td width=\"205\">Braune Produkte<\/td>\n<td width=\"157\">\/100 g<\/td>\n<td width=\"119\">\/3,5 g<\/td>\n<\/tr>\n<tr>\n<td><\/td>\n<td><\/td>\n<td><\/td>\n<\/tr>\n<tr>\n<td>Kalorie<\/td>\n<td>397 Kcal\/1686 kJ<\/td>\n<td>14 Kcal\/59kJ<\/td>\n<\/tr>\n<tr>\n<td>Protein<\/td>\n<td>&#8211;<\/td>\n<td>&#8211;<\/td>\n<\/tr>\n<tr>\n<td>Kohlenhydrat<\/td>\n<td>96,2 g<\/td>\n<td>3,37<\/td>\n<\/tr>\n<tr>\n<td>&#8211; davon Zucker<\/td>\n<td>96,2 g<\/td>\n<td>3,37<\/td>\n<\/tr>\n<tr>\n<td>Fett<\/td>\n<td>&#8211;<\/td>\n<td>&#8211;<\/td>\n<\/tr>\n<tr>\n<td>&#8211; davon ges\u00e4ttigte Fetts\u00e4uren<\/td>\n<td>&#8211;<\/td>\n<td>&#8211;<\/td>\n<\/tr>\n<tr>\n<td>Ballaststoff<\/td>\n<td>&#8211;<\/td>\n<td>&#8211;<\/td>\n<\/tr>\n<tr>\n<td>Salz<\/td>\n<td>&#8211;<\/td>\n<td>&#8211;<\/td>\n<\/tr>\n<\/tbody>\n<\/table>\n[\/vc_column_text][\/toggle][\/toggles][\/vc_column][\/vc_row]\n","protected":false},"excerpt":{"rendered":"<p><strong>\u00a0<\/strong><strong>S\u00dcSSEN SIE JEDEN TAG IHRES LEBENS UND MACHEN SIE IHRE WELT BUNTER<\/strong><\/p>\n<p>Jeder liebt Candys! Und Muttertag und Abschlusstage nahen! Das perfekte Geschenk k\u00f6nnte also unser eleganter Rohrzucker sein!<\/p>\n<p>Herstellbarer Zucker besteht zu 100% aus Rohrzucker und ist eine Spezialit\u00e4t zum S\u00fc\u00dfen von Tees, Kaffee, kalten und hei\u00dfen Getr\u00e4nken.<\/p>\n<p>Kandiszucker wird in unserer Manufaktur nach einer einzigartigen, speziellen Prozesstechnik hergestellt. Diese handwerklichen Produkte sind dank des Herstellungsprozesses von wirklich hoher Qualit\u00e4t.<\/p>\n<p>Glyk\u00e4mischer Index eines St\u00fcckes wei\u00dfer Zucker: 68<\/p>\n<div>\n<p><strong><span style=\"color: #ff0000;\">Haftungsausschluss!<\/span><\/strong><\/p>\n<p><strong>Wenn Ihre Bestellung 70 kg \u00fcberschreitet, wird sich einer unserer Teammitglieder per E-Mail mit den Versanddetails und weiteren Informationen bei Ihnen melden.<\/strong><\/p>\n<\/div>\n","protected":false},"featured_media":195,"template":"","meta":[],"product_cat":[29],"product_tag":[97,99,101],"class_list":{"0":"post-274","1":"product","2":"type-product","3":"status-publish","4":"has-post-thumbnail","6":"product_cat-kleine-tasche-10-stuck","7":"product_tag-braune-kandiszucker","8":"product_tag-kandiszucker","9":"product_tag-weise-kandiszucker","11":"first","12":"outofstock","13":"taxable","14":"shipping-taxable","15":"purchasable","16":"product-type-simple"},"yoast_head":"<!-- This site is optimized with the Yoast SEO plugin v24.0 - https:\/\/yoast.com\/wordpress\/plugins\/seo\/ -->\n<title>Wei\u00df-brauner Kandisst\u00e4be (10 stck) - Rock Candy Stick Shop<\/title>\n<meta name=\"description\" content=\"S\u00dcSSEN SIE JEDEN TAG IHRES LEBENS UND MACHEN SIE IHRE WELT BUNTERDie eleganteste Form von Rohrzucker! Kandisst\u00e4be! Herstellbarer Zucker\" \/>\n<meta name=\"robots\" content=\"index, follow, max-snippet:-1, max-image-preview:large, max-video-preview:-1\" \/>\n<link rel=\"canonical\" href=\"https:\/\/rockcandystickshop.com\/de\/produkt\/weiss-brauner-kandisstabe-10-stck\/\" \/>\n<meta property=\"og:locale\" content=\"de_DE\" \/>\n<meta property=\"og:type\" content=\"article\" \/>\n<meta property=\"og:title\" content=\"Wei\u00df-brauner Kandisst\u00e4be (10 stck) - Rock Candy Stick Shop\" \/>\n<meta property=\"og:description\" content=\"S\u00dcSSEN SIE JEDEN TAG IHRES LEBENS UND MACHEN SIE IHRE WELT BUNTERDie eleganteste Form von Rohrzucker! Kandisst\u00e4be! Herstellbarer Zucker\" \/>\n<meta property=\"og:url\" content=\"https:\/\/rockcandystickshop.com\/de\/produkt\/weiss-brauner-kandisstabe-10-stck\/\" \/>\n<meta property=\"og:site_name\" content=\"Rock Candy Stick Shop\" \/>\n<meta property=\"article:modified_time\" content=\"2022-06-10T20:04:45+00:00\" \/>\n<meta property=\"og:image\" content=\"https:\/\/rockcandystickshop.com\/wp-content\/uploads\/2020\/07\/rovidtaskakandis.jpg\" \/>\n\t<meta property=\"og:image:width\" content=\"600\" \/>\n\t<meta property=\"og:image:height\" content=\"800\" \/>\n\t<meta property=\"og:image:type\" content=\"image\/jpeg\" \/>\n<meta name=\"twitter:card\" content=\"summary_large_image\" \/>\n<meta name=\"twitter:label1\" content=\"Gesch\u00e4tzte Lesezeit\" \/>\n\t<meta name=\"twitter:data1\" content=\"3\u00a0Minuten\" \/>\n<script type=\"application\/ld+json\" class=\"yoast-schema-graph\">{\"@context\":\"https:\/\/schema.org\",\"@graph\":[{\"@type\":\"WebPage\",\"@id\":\"https:\/\/rockcandystickshop.com\/de\/produkt\/weiss-brauner-kandisstabe-10-stck\/\",\"url\":\"https:\/\/rockcandystickshop.com\/de\/produkt\/weiss-brauner-kandisstabe-10-stck\/\",\"name\":\"Wei\u00df-brauner Kandisst\u00e4be (10 stck) - Rock Candy Stick Shop\",\"isPartOf\":{\"@id\":\"https:\/\/rockcandystickshop.com\/de\/#website\"},\"primaryImageOfPage\":{\"@id\":\"https:\/\/rockcandystickshop.com\/de\/produkt\/weiss-brauner-kandisstabe-10-stck\/#primaryimage\"},\"image\":{\"@id\":\"https:\/\/rockcandystickshop.com\/de\/produkt\/weiss-brauner-kandisstabe-10-stck\/#primaryimage\"},\"thumbnailUrl\":\"https:\/\/rockcandystickshop.com\/wp-content\/uploads\/2020\/07\/rovidtaskakandis.jpg\",\"datePublished\":\"2020-07-31T12:38:06+00:00\",\"dateModified\":\"2022-06-10T20:04:45+00:00\",\"description\":\"S\u00dcSSEN SIE JEDEN TAG IHRES LEBENS UND MACHEN SIE IHRE WELT BUNTERDie eleganteste Form von Rohrzucker! Kandisst\u00e4be! Herstellbarer Zucker\",\"breadcrumb\":{\"@id\":\"https:\/\/rockcandystickshop.com\/de\/produkt\/weiss-brauner-kandisstabe-10-stck\/#breadcrumb\"},\"inLanguage\":\"de\",\"potentialAction\":[{\"@type\":\"ReadAction\",\"target\":[\"https:\/\/rockcandystickshop.com\/de\/produkt\/weiss-brauner-kandisstabe-10-stck\/\"]}]},{\"@type\":\"ImageObject\",\"inLanguage\":\"de\",\"@id\":\"https:\/\/rockcandystickshop.com\/de\/produkt\/weiss-brauner-kandisstabe-10-stck\/#primaryimage\",\"url\":\"https:\/\/rockcandystickshop.com\/wp-content\/uploads\/2020\/07\/rovidtaskakandis.jpg\",\"contentUrl\":\"https:\/\/rockcandystickshop.com\/wp-content\/uploads\/2020\/07\/rovidtaskakandis.jpg\",\"width\":600,\"height\":800,\"caption\":\"Kandisst\u00e4be, Kandiszucker, Kandiszucker am Stiel, Rohrzucker, handgefertigt, bunt,\"},{\"@type\":\"BreadcrumbList\",\"@id\":\"https:\/\/rockcandystickshop.com\/de\/produkt\/weiss-brauner-kandisstabe-10-stck\/#breadcrumb\",\"itemListElement\":[{\"@type\":\"ListItem\",\"position\":1,\"name\":\"Home\",\"item\":\"https:\/\/rockcandystickshop.com\/de\/rock-candy-stick-mit-liebe-gemacht\/\"},{\"@type\":\"ListItem\",\"position\":2,\"name\":\"Shop\",\"item\":\"https:\/\/rockcandystickshop.com\/de\/shop-2\/\"},{\"@type\":\"ListItem\",\"position\":3,\"name\":\"Wei\u00df-brauner Kandisst\u00e4be (10 stck)\"}]},{\"@type\":\"WebSite\",\"@id\":\"https:\/\/rockcandystickshop.com\/de\/#website\",\"url\":\"https:\/\/rockcandystickshop.com\/de\/\",\"name\":\"Rock Candy Stick Shop\",\"description\":\"ROCK CANDY STICK \u2013 The most elegant form of cane sugar!\",\"potentialAction\":[{\"@type\":\"SearchAction\",\"target\":{\"@type\":\"EntryPoint\",\"urlTemplate\":\"https:\/\/rockcandystickshop.com\/de\/?s={search_term_string}\"},\"query-input\":{\"@type\":\"PropertyValueSpecification\",\"valueRequired\":true,\"valueName\":\"search_term_string\"}}],\"inLanguage\":\"de\"}]}<\/script>\n<!-- \/ Yoast SEO plugin. -->","yoast_head_json":{"title":"Wei\u00df-brauner Kandisst\u00e4be (10 stck) - Rock Candy Stick Shop","description":"S\u00dcSSEN SIE JEDEN TAG IHRES LEBENS UND MACHEN SIE IHRE WELT BUNTERDie eleganteste Form von Rohrzucker! Kandisst\u00e4be! Herstellbarer Zucker","robots":{"index":"index","follow":"follow","max-snippet":"max-snippet:-1","max-image-preview":"max-image-preview:large","max-video-preview":"max-video-preview:-1"},"canonical":"https:\/\/rockcandystickshop.com\/de\/produkt\/weiss-brauner-kandisstabe-10-stck\/","og_locale":"de_DE","og_type":"article","og_title":"Wei\u00df-brauner Kandisst\u00e4be (10 stck) - Rock Candy Stick Shop","og_description":"S\u00dcSSEN SIE JEDEN TAG IHRES LEBENS UND MACHEN SIE IHRE WELT BUNTERDie eleganteste Form von Rohrzucker! Kandisst\u00e4be! Herstellbarer Zucker","og_url":"https:\/\/rockcandystickshop.com\/de\/produkt\/weiss-brauner-kandisstabe-10-stck\/","og_site_name":"Rock Candy Stick Shop","article_modified_time":"2022-06-10T20:04:45+00:00","og_image":[{"width":600,"height":800,"url":"https:\/\/rockcandystickshop.com\/wp-content\/uploads\/2020\/07\/rovidtaskakandis.jpg","type":"image\/jpeg"}],"twitter_card":"summary_large_image","twitter_misc":{"Gesch\u00e4tzte Lesezeit":"3\u00a0Minuten"},"schema":{"@context":"https:\/\/schema.org","@graph":[{"@type":"WebPage","@id":"https:\/\/rockcandystickshop.com\/de\/produkt\/weiss-brauner-kandisstabe-10-stck\/","url":"https:\/\/rockcandystickshop.com\/de\/produkt\/weiss-brauner-kandisstabe-10-stck\/","name":"Wei\u00df-brauner Kandisst\u00e4be (10 stck) - Rock Candy Stick Shop","isPartOf":{"@id":"https:\/\/rockcandystickshop.com\/de\/#website"},"primaryImageOfPage":{"@id":"https:\/\/rockcandystickshop.com\/de\/produkt\/weiss-brauner-kandisstabe-10-stck\/#primaryimage"},"image":{"@id":"https:\/\/rockcandystickshop.com\/de\/produkt\/weiss-brauner-kandisstabe-10-stck\/#primaryimage"},"thumbnailUrl":"https:\/\/rockcandystickshop.com\/wp-content\/uploads\/2020\/07\/rovidtaskakandis.jpg","datePublished":"2020-07-31T12:38:06+00:00","dateModified":"2022-06-10T20:04:45+00:00","description":"S\u00dcSSEN SIE JEDEN TAG IHRES LEBENS UND MACHEN SIE IHRE WELT BUNTERDie eleganteste Form von Rohrzucker! Kandisst\u00e4be! Herstellbarer Zucker","breadcrumb":{"@id":"https:\/\/rockcandystickshop.com\/de\/produkt\/weiss-brauner-kandisstabe-10-stck\/#breadcrumb"},"inLanguage":"de","potentialAction":[{"@type":"ReadAction","target":["https:\/\/rockcandystickshop.com\/de\/produkt\/weiss-brauner-kandisstabe-10-stck\/"]}]},{"@type":"ImageObject","inLanguage":"de","@id":"https:\/\/rockcandystickshop.com\/de\/produkt\/weiss-brauner-kandisstabe-10-stck\/#primaryimage","url":"https:\/\/rockcandystickshop.com\/wp-content\/uploads\/2020\/07\/rovidtaskakandis.jpg","contentUrl":"https:\/\/rockcandystickshop.com\/wp-content\/uploads\/2020\/07\/rovidtaskakandis.jpg","width":600,"height":800,"caption":"Kandisst\u00e4be, Kandiszucker, Kandiszucker am Stiel, Rohrzucker, handgefertigt, bunt,"},{"@type":"BreadcrumbList","@id":"https:\/\/rockcandystickshop.com\/de\/produkt\/weiss-brauner-kandisstabe-10-stck\/#breadcrumb","itemListElement":[{"@type":"ListItem","position":1,"name":"Home","item":"https:\/\/rockcandystickshop.com\/de\/rock-candy-stick-mit-liebe-gemacht\/"},{"@type":"ListItem","position":2,"name":"Shop","item":"https:\/\/rockcandystickshop.com\/de\/shop-2\/"},{"@type":"ListItem","position":3,"name":"Wei\u00df-brauner Kandisst\u00e4be (10 stck)"}]},{"@type":"WebSite","@id":"https:\/\/rockcandystickshop.com\/de\/#website","url":"https:\/\/rockcandystickshop.com\/de\/","name":"Rock Candy Stick Shop","description":"ROCK CANDY STICK \u2013 The most elegant form of cane sugar!","potentialAction":[{"@type":"SearchAction","target":{"@type":"EntryPoint","urlTemplate":"https:\/\/rockcandystickshop.com\/de\/?s={search_term_string}"},"query-input":{"@type":"PropertyValueSpecification","valueRequired":true,"valueName":"search_term_string"}}],"inLanguage":"de"}]}},"_links":{"self":[{"href":"https:\/\/rockcandystickshop.com\/de\/wp-json\/wp\/v2\/product\/274","targetHints":{"allow":["GET"]}}],"collection":[{"href":"https:\/\/rockcandystickshop.com\/de\/wp-json\/wp\/v2\/product"}],"about":[{"href":"https:\/\/rockcandystickshop.com\/de\/wp-json\/wp\/v2\/types\/product"}],"wp:featuredmedia":[{"embeddable":true,"href":"https:\/\/rockcandystickshop.com\/de\/wp-json\/wp\/v2\/media\/195"}],"wp:attachment":[{"href":"https:\/\/rockcandystickshop.com\/de\/wp-json\/wp\/v2\/media?parent=274"}],"wp:term":[{"taxonomy":"product_cat","embeddable":true,"href":"https:\/\/rockcandystickshop.com\/de\/wp-json\/wp\/v2\/product_cat?post=274"},{"taxonomy":"product_tag","embeddable":true,"href":"https:\/\/rockcandystickshop.com\/de\/wp-json\/wp\/v2\/product_tag?post=274"}],"curies":[{"name":"wp","href":"https:\/\/api.w.org\/{rel}","templated":true}]}}