{"id":283,"date":"2020-07-31T11:58:00","date_gmt":"2020-07-31T11:58:00","guid":{"rendered":"https:\/\/rockcandystickshop.com\/product\/mixed-colors-in-carton-100-pcs-pack-individually-packed-rock-candy-stick\/"},"modified":"2022-06-10T20:05:24","modified_gmt":"2022-06-10T20:05:24","slug":"gemischter-farbiger-kandiszucker-100-stck","status":"publish","type":"product","link":"https:\/\/rockcandystickshop.com\/de\/produkt\/gemischter-farbiger-kandiszucker-100-stck\/","title":{"rendered":"Gemischter, farbiger Kandiszucker &#8211; Lang &#8211; (100 stck) &#8211; Eins nach dem anderen verpackt"},"content":{"rendered":"[vc_row type=&#8221;in_container&#8221; full_screen_row_position=&#8221;middle&#8221; column_margin=&#8221;default&#8221; column_direction=&#8221;default&#8221; column_direction_tablet=&#8221;default&#8221; column_direction_phone=&#8221;default&#8221; scene_position=&#8221;center&#8221; text_color=&#8221;dark&#8221; text_align=&#8221;left&#8221; row_border_radius=&#8221;none&#8221; row_border_radius_applies=&#8221;bg&#8221; overlay_strength=&#8221;0.3&#8243; gradient_direction=&#8221;left_to_right&#8221; shape_divider_position=&#8221;bottom&#8221; bg_image_animation=&#8221;none&#8221;][vc_column column_padding=&#8221;no-extra-padding&#8221; column_padding_tablet=&#8221;inherit&#8221; column_padding_phone=&#8221;inherit&#8221; column_padding_position=&#8221;all&#8221; background_color_opacity=&#8221;1&#8243; background_hover_color_opacity=&#8221;1&#8243; column_shadow=&#8221;none&#8221; column_border_radius=&#8221;none&#8221; column_link_target=&#8221;_self&#8221; gradient_direction=&#8221;left_to_right&#8221; overlay_strength=&#8221;0.3&#8243; width=&#8221;1\/1&#8243; tablet_width_inherit=&#8221;default&#8221; tablet_text_alignment=&#8221;default&#8221; phone_text_alignment=&#8221;default&#8221; column_border_width=&#8221;none&#8221; column_border_style=&#8221;solid&#8221; bg_image_animation=&#8221;none&#8221;][toggles style=&#8221;minimal&#8221;][toggle color=&#8221;Default&#8221; title=&#8221;Beschreibung&#8221;][vc_column_text]kandiszucker &#8211; Alles, was Sie \u00fcber das Produkt wissen m\u00fcssen:<\/p>\n<p>Der Holzstab ist 15 cm lang und 0,25 bis 0,30 cm breit. Die L\u00e4nge des keulenf\u00f6rmigen kristallisierten Zuckeranteils betr\u00e4gt 4-5 cm. Die Gesamtl\u00e4nge des Zauberstabs einschlie\u00dflich des <a href=\"https:\/\/rockcandystickshop.com\/de\/\">Zuckerteils<\/a> betr\u00e4gt 15-16 cm.<\/p>\n<p>&nbsp;<\/p>\n<p>Sexy und hei\u00df! Farbige S\u00fc\u00dfigkeiten aus Rohrzucker bester Qualit\u00e4t sind eine fast unverzichtbare Erg\u00e4nzung zu Cocktails. Ohne farbige S\u00fc\u00dfigkeiten k\u00f6nnen Sie keine exklusive Party oder ein besonderes Date bestehen!<\/p>\n<p>&nbsp;<\/p>\n<p>Aufgrund ihrer L\u00e4nge sollten diese Sticks f\u00fcr gr\u00f6\u00dfere Gl\u00e4ser verwendet werden. Neben Cocktails kann es eine hervorragende Erg\u00e4nzung zu Limonaden oder sogar handwerklichen Sirupen sein, aber selbst wenn es neben einer schaumigen Latte platziert wird, ist es eine besonders elegante und unterhaltsame Erg\u00e4nzung. Es ist ein Muss f\u00fcr Begr\u00fc\u00dfungsgetr\u00e4nke. Sie m\u00fcssen sich auch keine Sorgen machen, dass es sich verschlechtert, da es seine Qualit\u00e4t auf unbestimmte Zeit beibeh\u00e4lt.<\/p>\n<p>Zweifarbige, lange S\u00fc\u00dfigkeiten k\u00f6nnen auf vielf\u00e4ltige Weise zum S\u00fc\u00dfen und Dekorieren von Speisen und Getr\u00e4nken verwendet werden. Seine Vielfalt verleiht Essen und Trinken Fr\u00f6hlichkeit, Leben und Vibration.<\/p>\n<p>Eine farbenfrohe Individualit\u00e4t reicht mit nur ein oder zwei Farben nicht aus! Sie m\u00fcssen auch nicht, da Sie einen Kristallstab, kandiszucker aus verschiedenen Farben ausw\u00e4hlen k\u00f6nnen! Wir wissen auch, dass die G\u00e4ste umso zufriedener sind, je bunter etwas ist, je aufregender und je gr\u00f6\u00dfer die Auswahl ist. Mit Kristallfarbstiften in gemischten Farben k\u00f6nnen Sie problemlos alle Anforderungen erf\u00fcllen. Sie k\u00f6nnen ein Begr\u00fc\u00dfungsgetr\u00e4nk in bis zu drei Farben genie\u00dfen und jedes mit einem perfekt passenden Kristallstab dekorieren und s\u00fc\u00dfen.<\/p>\n<p>Es ist eine sehr gute Wahl f\u00fcr Caf\u00e9s, Restaurants, Bars, Veranstalter, Dekorateure oder alle, die eine Geburtstagsfeier, eine Firmenveranstaltung oder nur ein Treffen von Freunden organisieren und dies mit Qualit\u00e4t tun m\u00f6chten. Mit diesen bunten Kristallst\u00e4bchen, kandiszucker bleibt jede Party eine s\u00fc\u00dfe Erinnerung!<\/p>\n<p>Aufgrund seiner L\u00e4nge und Vielfalt ist es besonders als dekoratives Element f\u00fcr Cocktails, Kaffee- und Teespezialit\u00e4ten und m\u00f6glicherweise bunte Limonaden zu empfehlen. Sicher, es erh\u00f6ht auch den Standard der Gastfreundschaft und den Wert der Erfahrung der G\u00e4ste um Gr\u00f6\u00dfenordnungen! Und der Wert einer echten Erfahrung ist von unsch\u00e4tzbarem Wert! Dieses besondere Gef\u00fchl gibt Ihnen und Ihren G\u00e4sten diesen besonderen Zucker. Denn Zucker ist nicht nur ein anspruchsvoller und eleganter S\u00fc\u00dfstoff! S\u00fc\u00dfigkeiten sind in der Gegenwart ein Luxuserlebnis.<\/p>\n<p>Wir k\u00f6nnen uns darauf einigen, dass f\u00fcr jede Cocktail- oder Limonadenspezialit\u00e4t verschiedenfarbige Elemente und Dekorationen passen. Deshalb dachten wir auch, dass Sie auch nicht mit 1-2 Farben fertig werden m\u00fcssen. Hier ist der gemischte Kristallstab! Nur der angenehm s\u00fc\u00dfe Geschmack, den es unserem Getr\u00e4nk verleiht, ist besser als die Au\u00dfenhaut. Worauf wartest du? Schnell bestellen![\/vc_column_text][\/toggle][toggle color=&#8221;Default&#8221; title=&#8221;Zutaten&#8221;][vc_column_text]Materialzusammensetzung des Produkts pro 1 kg:<\/p>\n<p>Saccharose: Minimum braun &#8211; 962 g, wei\u00df &#8211; 997 g. Braun:<\/p>\n<p>Wird im fertigen Produkt in einer Menge von weniger als 2% verwendet:<\/p>\n<p>(E150a) Karamell: maximal: 1 g<\/p>\n<p>(Gem\u00e4\u00df den Bestimmungen von Anhang 1-2 Teil 1 Teil 1-2-94 \/ 36<\/p>\n<p>Bei braunen Zuckerstangen ist die F\u00e4rbung des Kristallzuckers ausschlie\u00dflich mit nat\u00fcrlichem Karamell gef\u00fcllt<\/p>\n<p>Andere ausschlie\u00dflich nat\u00fcrliche Lebensmittelfarben:<\/p>\n<p>E150a, E120, E131, E163, E100, E160a, E141, Spirulina-Blau<\/p>\n<p>Sie k\u00f6nnen mehr \u00fcber unsere Zutaten lesen, indem Sie auf die Schaltfl\u00e4che unten klicken[\/vc_column_text][vc_column_text][\/vc_column_text][\/toggle][toggle color=&#8221;Default&#8221; title=&#8221;Allergene&#8221;][vc_column_text]Das Produkt enth\u00e4lt keiner Allergene!<\/p>\n<p>GEBROCHENER KRISTALL F\u00dcR PERFEKTE KUCHENDEKORATION![\/vc_column_text][vc_column_text][\/vc_column_text][\/toggle][toggle color=&#8221;Default&#8221; title=&#8221;Durchschnittlicher N\u00e4hrwert in 100 g Produkt&#8221;][vc_column_text]\n<table width=\"481\">\n<tbody>\n<tr>\n<td width=\"205\">Wei\u00dfe und farbenfrohe Produkte<\/td>\n<td width=\"157\">\/100 g<\/td>\n<td width=\"119\">\/3,5 g<\/td>\n<\/tr>\n<tr>\n<td><\/td>\n<td><\/td>\n<td><\/td>\n<\/tr>\n<tr>\n<td>Kalorie<\/td>\n<td>399 Kcal\/1686 kJ<\/td>\n<td>14 Kcal\/59kJ<\/td>\n<\/tr>\n<tr>\n<td>Protein<\/td>\n<td>&#8211;<\/td>\n<td>&#8211;<\/td>\n<\/tr>\n<tr>\n<td>Kohlenhydrat<\/td>\n<td>99,7 g<\/td>\n<td>3,49<\/td>\n<\/tr>\n<tr>\n<td>&#8211; davon Zucker<\/td>\n<td>99,7 g<\/td>\n<td>3,49<\/td>\n<\/tr>\n<tr>\n<td>Fett<\/td>\n<td>&#8211;<\/td>\n<td>&#8211;<\/td>\n<\/tr>\n<tr>\n<td>&#8211; davon ges\u00e4ttigte Fetts\u00e4uren<\/td>\n<td>&#8211;<\/td>\n<td>&#8211;<\/td>\n<\/tr>\n<tr>\n<td>Ballaststoff<\/td>\n<td>&#8211;<\/td>\n<td>&#8211;<\/td>\n<\/tr>\n<tr>\n<td>Salz<\/td>\n<td>&#8211;<\/td>\n<td>&#8211;<\/td>\n<\/tr>\n<\/tbody>\n<\/table>\n<p>&nbsp;<\/p>\n<table width=\"481\">\n<tbody>\n<tr>\n<td width=\"205\">Braune Produkte<\/td>\n<td width=\"157\">\/100 g<\/td>\n<td width=\"119\">\/3,5 g<\/td>\n<\/tr>\n<tr>\n<td><\/td>\n<td><\/td>\n<td><\/td>\n<\/tr>\n<tr>\n<td>Kalorie<\/td>\n<td>397 Kcal\/1686 kJ<\/td>\n<td>14 Kcal\/59kJ<\/td>\n<\/tr>\n<tr>\n<td>Protein<\/td>\n<td>&#8211;<\/td>\n<td>&#8211;<\/td>\n<\/tr>\n<tr>\n<td>Kohlenhydrat<\/td>\n<td>96,2 g<\/td>\n<td>3,37<\/td>\n<\/tr>\n<tr>\n<td>&#8211; davon Zucker<\/td>\n<td>96,2 g<\/td>\n<td>3,37<\/td>\n<\/tr>\n<tr>\n<td>Fett<\/td>\n<td>&#8211;<\/td>\n<td>&#8211;<\/td>\n<\/tr>\n<tr>\n<td>&#8211; davon ges\u00e4ttigte Fetts\u00e4uren<\/td>\n<td>&#8211;<\/td>\n<td>&#8211;<\/td>\n<\/tr>\n<tr>\n<td>Ballaststoff<\/td>\n<td>&#8211;<\/td>\n<td>&#8211;<\/td>\n<\/tr>\n<tr>\n<td>Salz<\/td>\n<td>&#8211;<\/td>\n<td>&#8211;<\/td>\n<\/tr>\n<\/tbody>\n<\/table>\n[\/vc_column_text][\/toggle][\/toggles][\/vc_column][\/vc_row]\n","protected":false},"excerpt":{"rendered":"<p><strong>GEMISCHTER FARBIGER KANDISZUCKER, EINE WESENTLICHE ERG\u00c4NZUNG F\u00dcR COCKTAILS UND LIMONADEN!<\/strong><\/p>\n<p>Eine elegante Form von Rohrzucker speziell f\u00fcr Kinder! Wenn Sie eine Geburtstagsfeier f\u00fcr Ihr Kind organisieren, sollten Sie sich unbedingt unsere bunt gemischten S\u00fc\u00dfigkeiten ansehen! Dieser Stick ist das perfekte S\u00fc\u00dfungsmittel f\u00fcr eine Limonade oder eine hei\u00dfe Schokolade! Und seine Farben k\u00f6nnen die Aufmerksamkeit der Kinder noch mehr auf sich ziehen!<\/p>\n<p>Herstellbarer Zucker besteht zu 100% aus Rohrzucker und ist eine Spezialit\u00e4t zum S\u00fc\u00dfen von Tees, Kaffee, kalten und hei\u00dfen Getr\u00e4nken.<\/p>\n<p>Wei\u00dfer Zucker wird in unserer Manufaktur nach einer einzigartigen, speziellen Prozesstechnik hergestellt. Diese handwerklichen Produkte sind dank des Herstellungsprozesses von wirklich hoher Qualit\u00e4t.<\/p>\n<p>Glyk\u00e4mischer Index eines St\u00fcckes wei\u00dfer Zucker: 68<\/p>\n<div><strong><span style=\"color: #ff0000;\">Haftungsausschluss!<\/span><\/strong><strong>Wenn Ihre Bestellung 70 kg \u00fcberschreitet, wird sich einer unserer Teammitglieder per E-Mail mit den Versanddetails und weiteren Informationen bei Ihnen melden.<\/strong><\/p>\n<\/div>\n","protected":false},"featured_media":199,"template":"","meta":[],"product_cat":[49,82],"product_tag":[99],"class_list":{"0":"post-283","1":"product","2":"type-product","3":"status-publish","4":"has-post-thumbnail","6":"product_cat-big-bag-rock-candy-packed-one-by-one-de","7":"product_cat-im-angebot","8":"product_tag-kandiszucker","10":"first","11":"instock","12":"sale","13":"taxable","14":"shipping-taxable","15":"purchasable","16":"product-type-simple"},"yoast_head":"<!-- This site is optimized with the Yoast SEO plugin v24.0 - https:\/\/yoast.com\/wordpress\/plugins\/seo\/ -->\n<title>Gemischter, farbiger Kandiszucker - Lang - (100 stck) - Eins nach dem anderen verpackt - Rock Candy Stick Shop<\/title>\n<meta name=\"description\" content=\"GEMISCHTER FARBIGER KANDISZUCKER, EINE WESENTLICHE ERG\u00c4NZUNG F\u00dcR COCKTAILS UND LIMONADEN! Die eleganteste Form von Rohrzucker\" \/>\n<meta name=\"robots\" content=\"index, follow, max-snippet:-1, max-image-preview:large, max-video-preview:-1\" \/>\n<link rel=\"canonical\" href=\"https:\/\/rockcandystickshop.com\/de\/produkt\/gemischter-farbiger-kandiszucker-100-stck\/\" \/>\n<meta property=\"og:locale\" content=\"de_DE\" \/>\n<meta property=\"og:type\" content=\"article\" \/>\n<meta property=\"og:title\" content=\"Gemischter, farbiger Kandiszucker - Lang - (100 stck) - Eins nach dem anderen verpackt - Rock Candy Stick Shop\" \/>\n<meta property=\"og:description\" content=\"GEMISCHTER FARBIGER KANDISZUCKER, EINE WESENTLICHE ERG\u00c4NZUNG F\u00dcR COCKTAILS UND LIMONADEN! Die eleganteste Form von Rohrzucker\" \/>\n<meta property=\"og:url\" content=\"https:\/\/rockcandystickshop.com\/de\/produkt\/gemischter-farbiger-kandiszucker-100-stck\/\" \/>\n<meta property=\"og:site_name\" content=\"Rock Candy Stick Shop\" \/>\n<meta property=\"article:modified_time\" content=\"2022-06-10T20:05:24+00:00\" \/>\n<meta property=\"og:image\" content=\"https:\/\/rockcandystickshop.com\/wp-content\/uploads\/2020\/07\/szineskandis.jpg\" \/>\n\t<meta property=\"og:image:width\" content=\"600\" \/>\n\t<meta property=\"og:image:height\" content=\"800\" \/>\n\t<meta property=\"og:image:type\" content=\"image\/jpeg\" \/>\n<meta name=\"twitter:card\" content=\"summary_large_image\" \/>\n<meta name=\"twitter:label1\" content=\"Gesch\u00e4tzte Lesezeit\" \/>\n\t<meta name=\"twitter:data1\" content=\"4\u00a0Minuten\" \/>\n<script type=\"application\/ld+json\" class=\"yoast-schema-graph\">{\"@context\":\"https:\/\/schema.org\",\"@graph\":[{\"@type\":\"WebPage\",\"@id\":\"https:\/\/rockcandystickshop.com\/de\/produkt\/gemischter-farbiger-kandiszucker-100-stck\/\",\"url\":\"https:\/\/rockcandystickshop.com\/de\/produkt\/gemischter-farbiger-kandiszucker-100-stck\/\",\"name\":\"Gemischter, farbiger Kandiszucker - Lang - (100 stck) - Eins nach dem anderen verpackt - Rock Candy Stick Shop\",\"isPartOf\":{\"@id\":\"https:\/\/rockcandystickshop.com\/de\/#website\"},\"primaryImageOfPage\":{\"@id\":\"https:\/\/rockcandystickshop.com\/de\/produkt\/gemischter-farbiger-kandiszucker-100-stck\/#primaryimage\"},\"image\":{\"@id\":\"https:\/\/rockcandystickshop.com\/de\/produkt\/gemischter-farbiger-kandiszucker-100-stck\/#primaryimage\"},\"thumbnailUrl\":\"https:\/\/rockcandystickshop.com\/wp-content\/uploads\/2020\/07\/szineskandis.jpg\",\"datePublished\":\"2020-07-31T11:58:00+00:00\",\"dateModified\":\"2022-06-10T20:05:24+00:00\",\"description\":\"GEMISCHTER FARBIGER KANDISZUCKER, EINE WESENTLICHE ERG\u00c4NZUNG F\u00dcR COCKTAILS UND LIMONADEN! Die eleganteste Form von Rohrzucker\",\"breadcrumb\":{\"@id\":\"https:\/\/rockcandystickshop.com\/de\/produkt\/gemischter-farbiger-kandiszucker-100-stck\/#breadcrumb\"},\"inLanguage\":\"de\",\"potentialAction\":[{\"@type\":\"ReadAction\",\"target\":[\"https:\/\/rockcandystickshop.com\/de\/produkt\/gemischter-farbiger-kandiszucker-100-stck\/\"]}]},{\"@type\":\"ImageObject\",\"inLanguage\":\"de\",\"@id\":\"https:\/\/rockcandystickshop.com\/de\/produkt\/gemischter-farbiger-kandiszucker-100-stck\/#primaryimage\",\"url\":\"https:\/\/rockcandystickshop.com\/wp-content\/uploads\/2020\/07\/szineskandis.jpg\",\"contentUrl\":\"https:\/\/rockcandystickshop.com\/wp-content\/uploads\/2020\/07\/szineskandis.jpg\",\"width\":600,\"height\":800,\"caption\":\"Kandiszucker, Kandiszucker am Stiel, Rohrzucker, handgefertigt, bunt,\"},{\"@type\":\"BreadcrumbList\",\"@id\":\"https:\/\/rockcandystickshop.com\/de\/produkt\/gemischter-farbiger-kandiszucker-100-stck\/#breadcrumb\",\"itemListElement\":[{\"@type\":\"ListItem\",\"position\":1,\"name\":\"Home\",\"item\":\"https:\/\/rockcandystickshop.com\/de\/rock-candy-stick-mit-liebe-gemacht\/\"},{\"@type\":\"ListItem\",\"position\":2,\"name\":\"Shop\",\"item\":\"https:\/\/rockcandystickshop.com\/de\/shop-2\/\"},{\"@type\":\"ListItem\",\"position\":3,\"name\":\"Gemischter, farbiger Kandiszucker &#8211; Lang &#8211; (100 stck) &#8211; Eins nach dem anderen verpackt\"}]},{\"@type\":\"WebSite\",\"@id\":\"https:\/\/rockcandystickshop.com\/de\/#website\",\"url\":\"https:\/\/rockcandystickshop.com\/de\/\",\"name\":\"Rock Candy Stick Shop\",\"description\":\"ROCK CANDY STICK \u2013 The most elegant form of cane sugar!\",\"potentialAction\":[{\"@type\":\"SearchAction\",\"target\":{\"@type\":\"EntryPoint\",\"urlTemplate\":\"https:\/\/rockcandystickshop.com\/de\/?s={search_term_string}\"},\"query-input\":{\"@type\":\"PropertyValueSpecification\",\"valueRequired\":true,\"valueName\":\"search_term_string\"}}],\"inLanguage\":\"de\"}]}<\/script>\n<!-- \/ Yoast SEO plugin. -->","yoast_head_json":{"title":"Gemischter, farbiger Kandiszucker - Lang - (100 stck) - Eins nach dem anderen verpackt - Rock Candy Stick Shop","description":"GEMISCHTER FARBIGER KANDISZUCKER, EINE WESENTLICHE ERG\u00c4NZUNG F\u00dcR COCKTAILS UND LIMONADEN! Die eleganteste Form von Rohrzucker","robots":{"index":"index","follow":"follow","max-snippet":"max-snippet:-1","max-image-preview":"max-image-preview:large","max-video-preview":"max-video-preview:-1"},"canonical":"https:\/\/rockcandystickshop.com\/de\/produkt\/gemischter-farbiger-kandiszucker-100-stck\/","og_locale":"de_DE","og_type":"article","og_title":"Gemischter, farbiger Kandiszucker - Lang - (100 stck) - Eins nach dem anderen verpackt - Rock Candy Stick Shop","og_description":"GEMISCHTER FARBIGER KANDISZUCKER, EINE WESENTLICHE ERG\u00c4NZUNG F\u00dcR COCKTAILS UND LIMONADEN! Die eleganteste Form von Rohrzucker","og_url":"https:\/\/rockcandystickshop.com\/de\/produkt\/gemischter-farbiger-kandiszucker-100-stck\/","og_site_name":"Rock Candy Stick Shop","article_modified_time":"2022-06-10T20:05:24+00:00","og_image":[{"width":600,"height":800,"url":"https:\/\/rockcandystickshop.com\/wp-content\/uploads\/2020\/07\/szineskandis.jpg","type":"image\/jpeg"}],"twitter_card":"summary_large_image","twitter_misc":{"Gesch\u00e4tzte Lesezeit":"4\u00a0Minuten"},"schema":{"@context":"https:\/\/schema.org","@graph":[{"@type":"WebPage","@id":"https:\/\/rockcandystickshop.com\/de\/produkt\/gemischter-farbiger-kandiszucker-100-stck\/","url":"https:\/\/rockcandystickshop.com\/de\/produkt\/gemischter-farbiger-kandiszucker-100-stck\/","name":"Gemischter, farbiger Kandiszucker - Lang - (100 stck) - Eins nach dem anderen verpackt - Rock Candy Stick Shop","isPartOf":{"@id":"https:\/\/rockcandystickshop.com\/de\/#website"},"primaryImageOfPage":{"@id":"https:\/\/rockcandystickshop.com\/de\/produkt\/gemischter-farbiger-kandiszucker-100-stck\/#primaryimage"},"image":{"@id":"https:\/\/rockcandystickshop.com\/de\/produkt\/gemischter-farbiger-kandiszucker-100-stck\/#primaryimage"},"thumbnailUrl":"https:\/\/rockcandystickshop.com\/wp-content\/uploads\/2020\/07\/szineskandis.jpg","datePublished":"2020-07-31T11:58:00+00:00","dateModified":"2022-06-10T20:05:24+00:00","description":"GEMISCHTER FARBIGER KANDISZUCKER, EINE WESENTLICHE ERG\u00c4NZUNG F\u00dcR COCKTAILS UND LIMONADEN! Die eleganteste Form von Rohrzucker","breadcrumb":{"@id":"https:\/\/rockcandystickshop.com\/de\/produkt\/gemischter-farbiger-kandiszucker-100-stck\/#breadcrumb"},"inLanguage":"de","potentialAction":[{"@type":"ReadAction","target":["https:\/\/rockcandystickshop.com\/de\/produkt\/gemischter-farbiger-kandiszucker-100-stck\/"]}]},{"@type":"ImageObject","inLanguage":"de","@id":"https:\/\/rockcandystickshop.com\/de\/produkt\/gemischter-farbiger-kandiszucker-100-stck\/#primaryimage","url":"https:\/\/rockcandystickshop.com\/wp-content\/uploads\/2020\/07\/szineskandis.jpg","contentUrl":"https:\/\/rockcandystickshop.com\/wp-content\/uploads\/2020\/07\/szineskandis.jpg","width":600,"height":800,"caption":"Kandiszucker, Kandiszucker am Stiel, Rohrzucker, handgefertigt, bunt,"},{"@type":"BreadcrumbList","@id":"https:\/\/rockcandystickshop.com\/de\/produkt\/gemischter-farbiger-kandiszucker-100-stck\/#breadcrumb","itemListElement":[{"@type":"ListItem","position":1,"name":"Home","item":"https:\/\/rockcandystickshop.com\/de\/rock-candy-stick-mit-liebe-gemacht\/"},{"@type":"ListItem","position":2,"name":"Shop","item":"https:\/\/rockcandystickshop.com\/de\/shop-2\/"},{"@type":"ListItem","position":3,"name":"Gemischter, farbiger Kandiszucker &#8211; Lang &#8211; (100 stck) &#8211; Eins nach dem anderen verpackt"}]},{"@type":"WebSite","@id":"https:\/\/rockcandystickshop.com\/de\/#website","url":"https:\/\/rockcandystickshop.com\/de\/","name":"Rock Candy Stick Shop","description":"ROCK CANDY STICK \u2013 The most elegant form of cane sugar!","potentialAction":[{"@type":"SearchAction","target":{"@type":"EntryPoint","urlTemplate":"https:\/\/rockcandystickshop.com\/de\/?s={search_term_string}"},"query-input":{"@type":"PropertyValueSpecification","valueRequired":true,"valueName":"search_term_string"}}],"inLanguage":"de"}]}},"_links":{"self":[{"href":"https:\/\/rockcandystickshop.com\/de\/wp-json\/wp\/v2\/product\/283","targetHints":{"allow":["GET"]}}],"collection":[{"href":"https:\/\/rockcandystickshop.com\/de\/wp-json\/wp\/v2\/product"}],"about":[{"href":"https:\/\/rockcandystickshop.com\/de\/wp-json\/wp\/v2\/types\/product"}],"wp:featuredmedia":[{"embeddable":true,"href":"https:\/\/rockcandystickshop.com\/de\/wp-json\/wp\/v2\/media\/199"}],"wp:attachment":[{"href":"https:\/\/rockcandystickshop.com\/de\/wp-json\/wp\/v2\/media?parent=283"}],"wp:term":[{"taxonomy":"product_cat","embeddable":true,"href":"https:\/\/rockcandystickshop.com\/de\/wp-json\/wp\/v2\/product_cat?post=283"},{"taxonomy":"product_tag","embeddable":true,"href":"https:\/\/rockcandystickshop.com\/de\/wp-json\/wp\/v2\/product_tag?post=283"}],"curies":[{"name":"wp","href":"https:\/\/api.w.org\/{rel}","templated":true}]}}