{"id":600,"date":"2022-04-19T08:53:40","date_gmt":"2022-04-19T08:53:40","guid":{"rendered":"https:\/\/rockcandystickshop.com\/?post_type=product&#038;p=600"},"modified":"2022-06-10T19:58:48","modified_gmt":"2022-06-10T19:58:48","slug":"weiser-kurz-kandis-stabe-100-stck","status":"publish","type":"product","link":"https:\/\/rockcandystickshop.com\/de\/produkt\/weiser-kurz-kandis-stabe-100-stck\/","title":{"rendered":"Wei\u00dfer, kurz Kandis st\u00e4be (100 stck)"},"content":{"rendered":"[vc_row type=&#8221;in_container&#8221; full_screen_row_position=&#8221;middle&#8221; column_margin=&#8221;default&#8221; column_direction=&#8221;default&#8221; column_direction_tablet=&#8221;default&#8221; column_direction_phone=&#8221;default&#8221; scene_position=&#8221;center&#8221; text_color=&#8221;dark&#8221; text_align=&#8221;left&#8221; row_border_radius=&#8221;none&#8221; row_border_radius_applies=&#8221;bg&#8221; overlay_strength=&#8221;0.3&#8243; gradient_direction=&#8221;left_to_right&#8221; shape_divider_position=&#8221;bottom&#8221; bg_image_animation=&#8221;none&#8221;][vc_column column_padding=&#8221;no-extra-padding&#8221; column_padding_tablet=&#8221;inherit&#8221; column_padding_phone=&#8221;inherit&#8221; column_padding_position=&#8221;all&#8221; background_color_opacity=&#8221;1&#8243; background_hover_color_opacity=&#8221;1&#8243; column_shadow=&#8221;none&#8221; column_border_radius=&#8221;none&#8221; column_link_target=&#8221;_self&#8221; gradient_direction=&#8221;left_to_right&#8221; overlay_strength=&#8221;0.3&#8243; width=&#8221;1\/1&#8243; tablet_width_inherit=&#8221;default&#8221; tablet_text_alignment=&#8221;default&#8221; phone_text_alignment=&#8221;default&#8221; column_border_width=&#8221;none&#8221; column_border_style=&#8221;solid&#8221; bg_image_animation=&#8221;none&#8221;][toggles style=&#8221;minimal&#8221;][toggle color=&#8221;Default&#8221; title=&#8221;Description&#8221;][vc_column_text]Alles, was Sie \u00fcber das Kandis Produkt wissen m\u00fcssen:<\/p>\n<p>Der Holzstab ist 15 cm lang und 0,25 bis 0,30 cm breit. Die L\u00e4nge des keulenf\u00f6rmigen kristallisierten Kandis Zuckeranteils betr\u00e4gt 4-5 cm. Die Gesamtl\u00e4nge des Zauberstabs einschlie\u00dflich des Zuckerteils betr\u00e4gt 15-16 cm.<\/p>\n<p>&nbsp;<\/p>\n<p>Aufgrund ihrer L\u00e4nge sollten diese Sticks f\u00fcr gr\u00f6\u00dfere Gl\u00e4ser verwendet werden. Es kann eine ausgezeichnete Erg\u00e4nzung zu Limonaden, handwerklichen Sirupen oder sogar Cocktails sein, aber selbst wenn es neben einer schaumigen Latte platziert wird, ist es eine besonders elegante und schmackhafte Erg\u00e4nzung. Der Keil des Begr\u00fc\u00dfungsgetr\u00e4nks. Sie m\u00fcssen sich auch keine Sorgen machen, dass es sich verschlechtert, da es seine Qualit\u00e4t auf unbestimmte Zeit beibeh\u00e4lt.<\/p>\n<p>&nbsp;<\/p>\n<p>Wei\u00dfe, lange S\u00fc\u00dfigkeiten k\u00f6nnen auf vielf\u00e4ltige Weise zum S\u00fc\u00dfen und Dekorieren von Speisen und Getr\u00e4nken verwendet werden. Die Farbe Wei\u00df ist die Farbe der Reinheit, Pracht und Eleganz, die an sich eine anspruchsvolle, geschmackvolle Wahl darstellt, da sie fast jedem Getr\u00e4nk einen eleganten, luxuri\u00f6sen Effekt verleiht. Die Brillanz der wei\u00dfen Kandis Zuckerkristalle ruft in uns ein Gef\u00fchl von Sch\u00f6nheit, Reichtum und emotionaler Reinheit hervor. Deshalb ist es auch eine sehr gute Wahl f\u00fcr elegante Veranstaltungen, Wohlt\u00e4tigkeitsabende, B\u00e4lle, Firmenessen, Hochzeiten und Jubil\u00e4en.<\/p>\n<p>Aufgrund seiner L\u00e4nge und rein wei\u00dfen Farbe empfehlen wir es besonders zu Kaffee- und Teespezialit\u00e4ten oder farbigen Limonaden oder sogar Cocktails, auch als dekoratives Element. Es kann auch ein perfektes dekoratives Element sein, zum Beispiel inspiriert von den Farben der Natur, bei einer eleganten Hochzeit oder bei einer eleganten Firmenveranstaltung. Sicher, es erh\u00f6ht auch den Standard der Gastfreundschaft und den Wert der Erfahrung der G\u00e4ste um Gr\u00f6\u00dfenordnungen! Und der Wert einer echten Erfahrung ist von unsch\u00e4tzbarem Wert!<\/p>\n<p>Dieses besondere Gef\u00fchl gibt Ihnen und Ihren G\u00e4sten diesen besonderen Zucker. Denn Zucker ist nicht nur S\u00fc\u00dfstoff! Kandis zucker ist der wahre Geschmack von Eleganz!<\/p>\n<p>&nbsp;<\/p>\n<p>Bestellen Sie jetzt zu einem reduzierten Preis!<\/p>\n<p>Was ist Kandiszucker?<\/p>\n<p>Kandiszucker, auch Puderzucker genannt, besteht aus gro\u00dfen, gro\u00dfen Kristallen mit einer L\u00e4nge von mindestens 5 Millimetern, die durch Abk\u00fchlen und langsames Sterilisieren einer Zuckerl\u00f6sung hergestellt werden. Kandiszucker wird mit einer speziellen Handwerkstechnik hergestellt, um die erstklassige Qualit\u00e4t der Produkte zu gew\u00e4hrleisten. Der fertige Bonbonzucker wird auf einem langen Holzstab fixiert, sodass der Verzehr neben hei\u00dfen Getr\u00e4nken nicht nur praktisch, sondern auch \u00e4u\u00dferst elegant ist.<\/p>\n<p>&nbsp;<\/p>\n<p>Warum empfehlen wir Kandiszucker?<\/p>\n<p>&#8211; Weil es ein elegantes und praktisches Accessoire f\u00fcr Kaffee und Tee ist.<\/p>\n<p>&#8211; Weil es den Standard und das Niveau von Caf\u00e9s, S\u00fc\u00dfwaren und Restaurants erh\u00f6ht.<\/p>\n<p>&#8220;Weil es den Moment des Kaffees zu einem Erlebnis macht.&#8221;<\/p>\n<p>&#8220;Weil Geschenkverpackungen ein echtes Juwel sein k\u00f6nnen.&#8221;<\/p>\n<p>&#8211; Weil Tee- und Kaffeespezialit\u00e4ten von einem speziellen S\u00fc\u00dfstoff begleitet werden!<\/p>\n<p>&#8211; Weil es den Standard von Hochzeiten, Veranstaltungen, Geburtstagsveranstaltungen erh\u00f6ht.<\/p>\n<p>&#8211; Weil sie perfekte Zitronen-, Kaffee- und Teespezialit\u00e4ten sind, um die aufregende und abwechslungsreiche Welt der Aromen und Brillen hervorzuheben<\/p>\n<p>&#8211; Weil ein Gourmet-Abendessen nicht ohne Qualit\u00e4tskaffee auskommt, f\u00fcr den ein Qualit\u00e4tss\u00fc\u00dfstoff erforderlich ist.[\/vc_column_text][\/toggle][toggle color=&#8221;Default&#8221; title=&#8221;Ingredients&#8221;][vc_column_text]\n<p>Material composition of the product per kg:<\/p>\n<p>&#8211; Sucrose: minimum brown &#8211; 962 g, white &#8211; 997 g. Brown:<\/p>\n<p>&#8211; Of a content of less than 2% in the finished product:<\/p>\n<p>* (E150a) Caramel: maximum: 1g<\/p>\n<p>* (In accordance with the provisions of Part 1 of Annex 1-2-94 \/ 36<\/p>\n<p>&#8211; In the case of brown rock candy sticks, the coloring of the crystallized sugar is filled exclusively with natural caramel<\/p>\n<p>&nbsp;<\/p>\n<p>Other exclusively natural food colors:<\/p>\n<p>E150a, E120, E131, E163, E100, E160a, E141, Spirulina blue<\/p>\n<p>You can read more about our ingredients by clicking the button below<\/p>\n[\/vc_column_text][vc_column_text][\/vc_column_text][\/toggle][toggle color=&#8221;Default&#8221; title=&#8221;Allergens&#8221;][vc_column_text]The product does not contain allergenic ingredients![\/vc_column_text][vc_column_text][\/vc_column_text][\/toggle][toggle color=&#8221;Default&#8221; title=&#8221;Average nutritional value in 100 g of product&#8221;][vc_column_text]\n<table width=\"481\">\n<tbody>\n<tr>\n<td width=\"205\">White and colorful products<\/td>\n<td width=\"157\">\/100 g<\/td>\n<td width=\"119\">\/3,5 g<\/td>\n<\/tr>\n<tr>\n<td><\/td>\n<td><\/td>\n<td><\/td>\n<\/tr>\n<tr>\n<td>Calorie<\/td>\n<td>399 Kcal\/1686 kJ<\/td>\n<td>14 Kcal\/59kJ<\/td>\n<\/tr>\n<tr>\n<td>Protein<\/td>\n<td>&#8211;<\/td>\n<td>&#8211;<\/td>\n<\/tr>\n<tr>\n<td>Carbonhydrate<\/td>\n<td>99,7 g<\/td>\n<td>3,49<\/td>\n<\/tr>\n<tr>\n<td>\u00a0&#8211; of which sugars<\/td>\n<td>99,7 g<\/td>\n<td>3,49<\/td>\n<\/tr>\n<tr>\n<td>Fat<\/td>\n<td>&#8211;<\/td>\n<td>&#8211;<\/td>\n<\/tr>\n<tr>\n<td>\u00a0&#8211; of which saturated fatty acids<\/td>\n<td>&#8211;<\/td>\n<td>&#8211;<\/td>\n<\/tr>\n<tr>\n<td>Fiber<\/td>\n<td>&#8211;<\/td>\n<td>&#8211;<\/td>\n<\/tr>\n<tr>\n<td>Salt<\/td>\n<td>&#8211;<\/td>\n<td>&#8211;<\/td>\n<\/tr>\n<\/tbody>\n<\/table>\n<p>&nbsp;<\/p>\n<table width=\"481\">\n<tbody>\n<tr>\n<td width=\"205\">Brown products<\/td>\n<td width=\"157\">\/100 g<\/td>\n<td width=\"119\">\/3,5 g<\/td>\n<\/tr>\n<tr>\n<td><\/td>\n<td><\/td>\n<td><\/td>\n<\/tr>\n<tr>\n<td>Calorie<\/td>\n<td>397 Kcal\/1686 kJ<\/td>\n<td>14 Kcal\/59kJ<\/td>\n<\/tr>\n<tr>\n<td>Protein<\/td>\n<td>&#8211;<\/td>\n<td>&#8211;<\/td>\n<\/tr>\n<tr>\n<td>Carbohydrate<\/td>\n<td>96,2 g<\/td>\n<td>3,37<\/td>\n<\/tr>\n<tr>\n<td>\u00a0&#8211; of which sugars<\/td>\n<td>96,2 g<\/td>\n<td>3,37<\/td>\n<\/tr>\n<tr>\n<td>Fat<\/td>\n<td>&#8211;<\/td>\n<td>&#8211;<\/td>\n<\/tr>\n<tr>\n<td>\u00a0&#8211; of which saturated fatty acids<\/td>\n<td>&#8211;<\/td>\n<td>&#8211;<\/td>\n<\/tr>\n<tr>\n<td>Fiber<\/td>\n<td>&#8211;<\/td>\n<td>&#8211;<\/td>\n<\/tr>\n<tr>\n<td>Salt<\/td>\n<td>&#8211;<\/td>\n<td>&#8211;<\/td>\n<\/tr>\n<\/tbody>\n<\/table>\n[\/vc_column_text][\/toggle][\/toggles][\/vc_column][\/vc_row]\n","protected":false},"excerpt":{"rendered":"<p><strong>WEISSER S\u00dcSSIGER ZUCKER F\u00dcR UNVERGESSLICHE MOMENTE! WHITE KANDIS ZUCKER IST DIE K\u00d6NIGIN DER S\u00dcSSER!<\/strong><\/p>\n<p>Wenn Sie auf der Suche nach einem ungew\u00f6hnlichen S\u00fc\u00dfstoff f\u00fcr die Getr\u00e4nke Ihres Restaurants sind, dann sind Sie hier genau richtig!Probieren Sie unser wei\u00dfer Kandis Zucker der in unserer Manufaktur nach einer einzigartigen, speziellen Prozesstechnik hergestellt wird. Diese handwerklichen Produkte sind dank des Herstellungsprozesses von wirklich hoher Qualit\u00e4t. Ihre G\u00e4ste werden es bestimmt lieben!<\/p>\n<p>Glyk\u00e4mischer Index eines St\u00fcckes wei\u00dfer Zucker: 68<\/p>\n<p>&nbsp;<\/p>\n<p><strong><span style=\"color: #ff0000;\">Haftungsausschluss!<\/span><\/strong><\/p>\n<p><strong>Wenn Ihre Bestellung 70 kg \u00fcberschreitet, wird sich einer unserer Teammitglieder per E-Mail mit den Versanddetails und weiteren Informationen bei Ihnen melden.<\/strong><\/p>\n","protected":false},"featured_media":602,"template":"","meta":[],"product_cat":[30,82],"product_tag":[],"class_list":{"0":"post-600","1":"product","2":"type-product","3":"status-publish","4":"has-post-thumbnail","6":"product_cat-grosse-tasche-100-stck","7":"product_cat-im-angebot","9":"first","10":"instock","11":"sale","12":"taxable","13":"shipping-taxable","14":"purchasable","15":"product-type-simple"},"yoast_head":"<!-- This site is optimized with the Yoast SEO plugin v24.0 - https:\/\/yoast.com\/wordpress\/plugins\/seo\/ -->\n<title>Wei\u00dfer, kurz Kandis st\u00e4be (100 stck) - Rock Candy Stick Shop<\/title>\n<meta name=\"description\" content=\"Wei\u00dfer Kandis Zucker wird in unserer Manufaktur nach einer einzigartigen, speziellen Prozesstechnik hergestellt. Diese handwerklichen\" \/>\n<meta name=\"robots\" content=\"index, follow, max-snippet:-1, max-image-preview:large, max-video-preview:-1\" \/>\n<link rel=\"canonical\" href=\"https:\/\/rockcandystickshop.com\/de\/produkt\/weiser-kurz-kandis-stabe-100-stck\/\" \/>\n<meta property=\"og:locale\" content=\"de_DE\" \/>\n<meta property=\"og:type\" content=\"article\" \/>\n<meta property=\"og:title\" content=\"Wei\u00dfer, kurz Kandis st\u00e4be (100 stck) - Rock Candy Stick Shop\" \/>\n<meta property=\"og:description\" content=\"Wei\u00dfer Kandis Zucker wird in unserer Manufaktur nach einer einzigartigen, speziellen Prozesstechnik hergestellt. Diese handwerklichen\" \/>\n<meta property=\"og:url\" content=\"https:\/\/rockcandystickshop.com\/de\/produkt\/weiser-kurz-kandis-stabe-100-stck\/\" \/>\n<meta property=\"og:site_name\" content=\"Rock Candy Stick Shop\" \/>\n<meta property=\"article:modified_time\" content=\"2022-06-10T19:58:48+00:00\" \/>\n<meta property=\"og:image\" content=\"https:\/\/rockcandystickshop.com\/wp-content\/uploads\/2022\/04\/ledigshortwhite.jpg\" \/>\n\t<meta property=\"og:image:width\" content=\"600\" \/>\n\t<meta property=\"og:image:height\" content=\"800\" \/>\n\t<meta property=\"og:image:type\" content=\"image\/jpeg\" \/>\n<meta name=\"twitter:card\" content=\"summary_large_image\" \/>\n<meta name=\"twitter:label1\" content=\"Gesch\u00e4tzte Lesezeit\" \/>\n\t<meta name=\"twitter:data1\" content=\"5\u00a0Minuten\" \/>\n<script type=\"application\/ld+json\" class=\"yoast-schema-graph\">{\"@context\":\"https:\/\/schema.org\",\"@graph\":[{\"@type\":\"WebPage\",\"@id\":\"https:\/\/rockcandystickshop.com\/de\/produkt\/weiser-kurz-kandis-stabe-100-stck\/\",\"url\":\"https:\/\/rockcandystickshop.com\/de\/produkt\/weiser-kurz-kandis-stabe-100-stck\/\",\"name\":\"Wei\u00dfer, kurz Kandis st\u00e4be (100 stck) - Rock Candy Stick Shop\",\"isPartOf\":{\"@id\":\"https:\/\/rockcandystickshop.com\/de\/#website\"},\"primaryImageOfPage\":{\"@id\":\"https:\/\/rockcandystickshop.com\/de\/produkt\/weiser-kurz-kandis-stabe-100-stck\/#primaryimage\"},\"image\":{\"@id\":\"https:\/\/rockcandystickshop.com\/de\/produkt\/weiser-kurz-kandis-stabe-100-stck\/#primaryimage\"},\"thumbnailUrl\":\"https:\/\/rockcandystickshop.com\/wp-content\/uploads\/2022\/04\/ledigshortwhite.jpg\",\"datePublished\":\"2022-04-19T08:53:40+00:00\",\"dateModified\":\"2022-06-10T19:58:48+00:00\",\"description\":\"Wei\u00dfer Kandis Zucker wird in unserer Manufaktur nach einer einzigartigen, speziellen Prozesstechnik hergestellt. Diese handwerklichen\",\"breadcrumb\":{\"@id\":\"https:\/\/rockcandystickshop.com\/de\/produkt\/weiser-kurz-kandis-stabe-100-stck\/#breadcrumb\"},\"inLanguage\":\"de\",\"potentialAction\":[{\"@type\":\"ReadAction\",\"target\":[\"https:\/\/rockcandystickshop.com\/de\/produkt\/weiser-kurz-kandis-stabe-100-stck\/\"]}]},{\"@type\":\"ImageObject\",\"inLanguage\":\"de\",\"@id\":\"https:\/\/rockcandystickshop.com\/de\/produkt\/weiser-kurz-kandis-stabe-100-stck\/#primaryimage\",\"url\":\"https:\/\/rockcandystickshop.com\/wp-content\/uploads\/2022\/04\/ledigshortwhite.jpg\",\"contentUrl\":\"https:\/\/rockcandystickshop.com\/wp-content\/uploads\/2022\/04\/ledigshortwhite.jpg\",\"width\":600,\"height\":800},{\"@type\":\"BreadcrumbList\",\"@id\":\"https:\/\/rockcandystickshop.com\/de\/produkt\/weiser-kurz-kandis-stabe-100-stck\/#breadcrumb\",\"itemListElement\":[{\"@type\":\"ListItem\",\"position\":1,\"name\":\"Home\",\"item\":\"https:\/\/rockcandystickshop.com\/de\/rock-candy-stick-mit-liebe-gemacht\/\"},{\"@type\":\"ListItem\",\"position\":2,\"name\":\"Shop\",\"item\":\"https:\/\/rockcandystickshop.com\/de\/shop-2\/\"},{\"@type\":\"ListItem\",\"position\":3,\"name\":\"Wei\u00dfer, kurz Kandis st\u00e4be (100 stck)\"}]},{\"@type\":\"WebSite\",\"@id\":\"https:\/\/rockcandystickshop.com\/de\/#website\",\"url\":\"https:\/\/rockcandystickshop.com\/de\/\",\"name\":\"Rock Candy Stick Shop\",\"description\":\"ROCK CANDY STICK \u2013 The most elegant form of cane sugar!\",\"potentialAction\":[{\"@type\":\"SearchAction\",\"target\":{\"@type\":\"EntryPoint\",\"urlTemplate\":\"https:\/\/rockcandystickshop.com\/de\/?s={search_term_string}\"},\"query-input\":{\"@type\":\"PropertyValueSpecification\",\"valueRequired\":true,\"valueName\":\"search_term_string\"}}],\"inLanguage\":\"de\"}]}<\/script>\n<!-- \/ Yoast SEO plugin. -->","yoast_head_json":{"title":"Wei\u00dfer, kurz Kandis st\u00e4be (100 stck) - Rock Candy Stick Shop","description":"Wei\u00dfer Kandis Zucker wird in unserer Manufaktur nach einer einzigartigen, speziellen Prozesstechnik hergestellt. Diese handwerklichen","robots":{"index":"index","follow":"follow","max-snippet":"max-snippet:-1","max-image-preview":"max-image-preview:large","max-video-preview":"max-video-preview:-1"},"canonical":"https:\/\/rockcandystickshop.com\/de\/produkt\/weiser-kurz-kandis-stabe-100-stck\/","og_locale":"de_DE","og_type":"article","og_title":"Wei\u00dfer, kurz Kandis st\u00e4be (100 stck) - Rock Candy Stick Shop","og_description":"Wei\u00dfer Kandis Zucker wird in unserer Manufaktur nach einer einzigartigen, speziellen Prozesstechnik hergestellt. Diese handwerklichen","og_url":"https:\/\/rockcandystickshop.com\/de\/produkt\/weiser-kurz-kandis-stabe-100-stck\/","og_site_name":"Rock Candy Stick Shop","article_modified_time":"2022-06-10T19:58:48+00:00","og_image":[{"width":600,"height":800,"url":"https:\/\/rockcandystickshop.com\/wp-content\/uploads\/2022\/04\/ledigshortwhite.jpg","type":"image\/jpeg"}],"twitter_card":"summary_large_image","twitter_misc":{"Gesch\u00e4tzte Lesezeit":"5\u00a0Minuten"},"schema":{"@context":"https:\/\/schema.org","@graph":[{"@type":"WebPage","@id":"https:\/\/rockcandystickshop.com\/de\/produkt\/weiser-kurz-kandis-stabe-100-stck\/","url":"https:\/\/rockcandystickshop.com\/de\/produkt\/weiser-kurz-kandis-stabe-100-stck\/","name":"Wei\u00dfer, kurz Kandis st\u00e4be (100 stck) - Rock Candy Stick Shop","isPartOf":{"@id":"https:\/\/rockcandystickshop.com\/de\/#website"},"primaryImageOfPage":{"@id":"https:\/\/rockcandystickshop.com\/de\/produkt\/weiser-kurz-kandis-stabe-100-stck\/#primaryimage"},"image":{"@id":"https:\/\/rockcandystickshop.com\/de\/produkt\/weiser-kurz-kandis-stabe-100-stck\/#primaryimage"},"thumbnailUrl":"https:\/\/rockcandystickshop.com\/wp-content\/uploads\/2022\/04\/ledigshortwhite.jpg","datePublished":"2022-04-19T08:53:40+00:00","dateModified":"2022-06-10T19:58:48+00:00","description":"Wei\u00dfer Kandis Zucker wird in unserer Manufaktur nach einer einzigartigen, speziellen Prozesstechnik hergestellt. Diese handwerklichen","breadcrumb":{"@id":"https:\/\/rockcandystickshop.com\/de\/produkt\/weiser-kurz-kandis-stabe-100-stck\/#breadcrumb"},"inLanguage":"de","potentialAction":[{"@type":"ReadAction","target":["https:\/\/rockcandystickshop.com\/de\/produkt\/weiser-kurz-kandis-stabe-100-stck\/"]}]},{"@type":"ImageObject","inLanguage":"de","@id":"https:\/\/rockcandystickshop.com\/de\/produkt\/weiser-kurz-kandis-stabe-100-stck\/#primaryimage","url":"https:\/\/rockcandystickshop.com\/wp-content\/uploads\/2022\/04\/ledigshortwhite.jpg","contentUrl":"https:\/\/rockcandystickshop.com\/wp-content\/uploads\/2022\/04\/ledigshortwhite.jpg","width":600,"height":800},{"@type":"BreadcrumbList","@id":"https:\/\/rockcandystickshop.com\/de\/produkt\/weiser-kurz-kandis-stabe-100-stck\/#breadcrumb","itemListElement":[{"@type":"ListItem","position":1,"name":"Home","item":"https:\/\/rockcandystickshop.com\/de\/rock-candy-stick-mit-liebe-gemacht\/"},{"@type":"ListItem","position":2,"name":"Shop","item":"https:\/\/rockcandystickshop.com\/de\/shop-2\/"},{"@type":"ListItem","position":3,"name":"Wei\u00dfer, kurz Kandis st\u00e4be (100 stck)"}]},{"@type":"WebSite","@id":"https:\/\/rockcandystickshop.com\/de\/#website","url":"https:\/\/rockcandystickshop.com\/de\/","name":"Rock Candy Stick Shop","description":"ROCK CANDY STICK \u2013 The most elegant form of cane sugar!","potentialAction":[{"@type":"SearchAction","target":{"@type":"EntryPoint","urlTemplate":"https:\/\/rockcandystickshop.com\/de\/?s={search_term_string}"},"query-input":{"@type":"PropertyValueSpecification","valueRequired":true,"valueName":"search_term_string"}}],"inLanguage":"de"}]}},"_links":{"self":[{"href":"https:\/\/rockcandystickshop.com\/de\/wp-json\/wp\/v2\/product\/600","targetHints":{"allow":["GET"]}}],"collection":[{"href":"https:\/\/rockcandystickshop.com\/de\/wp-json\/wp\/v2\/product"}],"about":[{"href":"https:\/\/rockcandystickshop.com\/de\/wp-json\/wp\/v2\/types\/product"}],"wp:featuredmedia":[{"embeddable":true,"href":"https:\/\/rockcandystickshop.com\/de\/wp-json\/wp\/v2\/media\/602"}],"wp:attachment":[{"href":"https:\/\/rockcandystickshop.com\/de\/wp-json\/wp\/v2\/media?parent=600"}],"wp:term":[{"taxonomy":"product_cat","embeddable":true,"href":"https:\/\/rockcandystickshop.com\/de\/wp-json\/wp\/v2\/product_cat?post=600"},{"taxonomy":"product_tag","embeddable":true,"href":"https:\/\/rockcandystickshop.com\/de\/wp-json\/wp\/v2\/product_tag?post=600"}],"curies":[{"name":"wp","href":"https:\/\/api.w.org\/{rel}","templated":true}]}}