{"id":630,"date":"2022-04-19T10:29:52","date_gmt":"2022-04-19T10:29:54","guid":{"rendered":"https:\/\/rockcandystickshop.com\/?post_type=product&#038;p=630"},"modified":"2023-02-23T11:52:33","modified_gmt":"2023-02-23T11:52:33","slug":"kristallzucker-zerkleinerte-kandis1000-g-copy","status":"publish","type":"product","link":"https:\/\/rockcandystickshop.com\/de\/produkt\/kristallzucker-zerkleinerte-kandis1000-g-copy\/","title":{"rendered":"Kristallzucker \/ Zerkleinerte Kandis(5000 g)"},"content":{"rendered":"[vc_row type=&#8221;in_container&#8221; full_screen_row_position=&#8221;middle&#8221; column_margin=&#8221;default&#8221; column_direction=&#8221;default&#8221; column_direction_tablet=&#8221;default&#8221; column_direction_phone=&#8221;default&#8221; scene_position=&#8221;center&#8221; text_color=&#8221;dark&#8221; text_align=&#8221;left&#8221; row_border_radius=&#8221;none&#8221; row_border_radius_applies=&#8221;bg&#8221; overlay_strength=&#8221;0.3&#8243; gradient_direction=&#8221;left_to_right&#8221; shape_divider_position=&#8221;bottom&#8221; bg_image_animation=&#8221;none&#8221;][vc_column column_padding=&#8221;no-extra-padding&#8221; column_padding_tablet=&#8221;inherit&#8221; column_padding_phone=&#8221;inherit&#8221; column_padding_position=&#8221;all&#8221; background_color_opacity=&#8221;1&#8243; background_hover_color_opacity=&#8221;1&#8243; column_shadow=&#8221;none&#8221; column_border_radius=&#8221;none&#8221; column_link_target=&#8221;_self&#8221; gradient_direction=&#8221;left_to_right&#8221; overlay_strength=&#8221;0.3&#8243; width=&#8221;1\/1&#8243; tablet_width_inherit=&#8221;default&#8221; tablet_text_alignment=&#8221;default&#8221; phone_text_alignment=&#8221;default&#8221; column_border_width=&#8221;none&#8221; column_border_style=&#8221;solid&#8221; bg_image_animation=&#8221;none&#8221;][toggles style=&#8221;minimal&#8221;][toggle color=&#8221;Default&#8221; title=&#8221;Ingredients&#8221;][vc_column_text]Materialzusammensetzung des Produkts pro 1 kg:<\/p>\n<p>Saccharose: Minimum braun &#8211; 962 g, wei\u00df &#8211; 997 g. Braun:<\/p>\n<p>Wird im fertigen Produkt in einer Menge von weniger als 2% verwendet:<\/p>\n<p>(E150a) Karamell: maximal: 1 g<\/p>\n<p>(Gem\u00e4\u00df den Bestimmungen von Anhang 1-2 Teil 1 Teil 1-2-94 \/ 36<\/p>\n<p>Bei braunen Zuckerstangen ist die F\u00e4rbung des Kristallzuckers ausschlie\u00dflich mit nat\u00fcrlichem Karamell gef\u00fcllt<\/p>\n<p>Andere ausschlie\u00dflich nat\u00fcrliche Lebensmittelfarben:<\/p>\n<p>E150a, E120, E131, E163, E100, E160a, E141, Spirulina-Blau[\/vc_column_text][vc_column_text][\/vc_column_text][\/toggle][toggle color=&#8221;Default&#8221; title=&#8221;Allergens&#8221;][vc_column_text]The product does not contain allergenic ingredients![\/vc_column_text][vc_column_text][\/vc_column_text][\/toggle][toggle color=&#8221;Default&#8221; title=&#8221;Average nutritional value in 100 g of product&#8221;][vc_column_text]\n<table width=\"481\">\n<tbody>\n<tr>\n<td width=\"205\">White and colorful products<\/td>\n<td width=\"157\">\/100 g<\/td>\n<td width=\"119\">\/3,5 g<\/td>\n<\/tr>\n<tr>\n<td><\/td>\n<td><\/td>\n<td><\/td>\n<\/tr>\n<tr>\n<td>Calorie<\/td>\n<td>399 Kcal\/1686 kJ<\/td>\n<td>14 Kcal\/59kJ<\/td>\n<\/tr>\n<tr>\n<td>Protein<\/td>\n<td>&#8211;<\/td>\n<td>&#8211;<\/td>\n<\/tr>\n<tr>\n<td>Carbonhydrate<\/td>\n<td>99,7 g<\/td>\n<td>3,49<\/td>\n<\/tr>\n<tr>\n<td>\u00a0&#8211; of which sugars<\/td>\n<td>99,7 g<\/td>\n<td>3,49<\/td>\n<\/tr>\n<tr>\n<td>Fat<\/td>\n<td>&#8211;<\/td>\n<td>&#8211;<\/td>\n<\/tr>\n<tr>\n<td>\u00a0&#8211; of which saturated fatty acids<\/td>\n<td>&#8211;<\/td>\n<td>&#8211;<\/td>\n<\/tr>\n<tr>\n<td>Fiber<\/td>\n<td>&#8211;<\/td>\n<td>&#8211;<\/td>\n<\/tr>\n<tr>\n<td>Salt<\/td>\n<td>&#8211;<\/td>\n<td>&#8211;<\/td>\n<\/tr>\n<\/tbody>\n<\/table>\n<p>&nbsp;<\/p>\n<table width=\"481\">\n<tbody>\n<tr>\n<td width=\"205\">Brown products<\/td>\n<td width=\"157\">\/100 g<\/td>\n<td width=\"119\">\/3,5 g<\/td>\n<\/tr>\n<tr>\n<td><\/td>\n<td><\/td>\n<td><\/td>\n<\/tr>\n<tr>\n<td>Calorie<\/td>\n<td>397 Kcal\/1686 kJ<\/td>\n<td>14 Kcal\/59kJ<\/td>\n<\/tr>\n<tr>\n<td>Protein<\/td>\n<td>&#8211;<\/td>\n<td>&#8211;<\/td>\n<\/tr>\n<tr>\n<td>Carbodhydrate<\/td>\n<td>96,2 g<\/td>\n<td>3,37<\/td>\n<\/tr>\n<tr>\n<td>\u00a0&#8211; of which sugars<\/td>\n<td>96,2 g<\/td>\n<td>3,37<\/td>\n<\/tr>\n<tr>\n<td>Fat<\/td>\n<td>&#8211;<\/td>\n<td>&#8211;<\/td>\n<\/tr>\n<tr>\n<td>\u00a0&#8211; of which saturated fatty acids<\/td>\n<td>&#8211;<\/td>\n<td>&#8211;<\/td>\n<\/tr>\n<tr>\n<td>Fiber<\/td>\n<td>&#8211;<\/td>\n<td>&#8211;<\/td>\n<\/tr>\n<tr>\n<td>Salt<\/td>\n<td>&#8211;<\/td>\n<td>&#8211;<\/td>\n<\/tr>\n<\/tbody>\n<\/table>\n[\/vc_column_text][\/toggle][\/toggles][\/vc_column][\/vc_row]\n","protected":false},"excerpt":{"rendered":"<p>Bereitest du gerade f\u00fcr eine Geburtstagsparty vor? Und brauchst du ein einzigartiges S\u00fc\u00dfungsmittel f\u00fcr deine Torte? Dann schau du dich unseren speziellen Kristallzucker an!<\/p>\n<p>Die aus 100% Rohrzucker hergestellten Zuckerspezialit\u00e4ten der Manufaktur werden zum S\u00fc\u00dfen von Tees, Kaffee, kalten und hei\u00dfen Getr\u00e4nken verwendet und sind ein beliebtes Accessoire f\u00fcr Konditoren.<\/p>\n<p>* Der genaue Name des farbigen Produkts lautet Kristallbruch.<\/p>\n<p>Warum ist dieser Zucker so hervorragend? Es wird mit einer einzigartigen Prozesstechnik in unserer Manufaktur hergestellt. Diese handwerklichen Produkte sind dank des Herstellungsprozesses von wirklich hoher Qualit\u00e4t.<\/p>\n<p>Der zerkleinerte Kandiszucker ist ein \u00e4u\u00dferst beliebtes Accessoire f\u00fcr S\u00fc\u00dfwaren, da es zum Dekorieren einer Vielzahl von Kuchen, Torten und Eisbechern verwendet wird. In wenigen Augenblicken k\u00f6nnen Sie einen einfachen Kuchen oder eine cremige S\u00fc\u00dfigkeit damit werfen. Es kann auch eine einzigartige Dekoration f\u00fcr Cocktails, Punsch, hei\u00dfe und kalte Getr\u00e4nke sein. Die s\u00fc\u00dfe Spezialit\u00e4t kann nur durch Ihre Fantasie begrenzt werden.<\/p>\n<p>Der zerkleinerte Kristall ist nicht nur ein S\u00fc\u00dfstoff. Der zerkleinerte Kandiszucker ist das Plus, das jedes Getr\u00e4nk zu etwas Besonderem macht und eine Seele in den Kuchen sch\u00fcttet!<\/p>\n<p><strong><span style=\"color: #ff0000;\">Haftungsausschluss!<\/span><\/strong><\/p>\n<p><strong>Wenn Ihre Bestellung 70 kg \u00fcberschreitet, wird sich einer unserer Teammitglieder per E-Mail mit den Versanddetails und weiteren Informationen bei Ihnen melden.<\/strong><\/p>\n","protected":false},"featured_media":642,"template":"","meta":[],"product_cat":[105,47],"product_tag":[],"class_list":{"0":"post-630","1":"product","2":"type-product","3":"status-publish","4":"has-post-thumbnail","6":"product_cat-spitzenprodukte","7":"product_cat-zerkleinerte-suessigkeiten-de","9":"first","10":"onbackorder","11":"taxable","12":"shipping-taxable","13":"purchasable","14":"product-type-variable"},"yoast_head":"<!-- This site is optimized with the Yoast SEO plugin v24.0 - https:\/\/yoast.com\/wordpress\/plugins\/seo\/ -->\n<title>Kristallzucker \/ Zerkleinerte Kandis(5000 g) - Rock Candy Stick Shop<\/title>\n<meta name=\"description\" content=\"Die eleganteste Form von Rohrzucker, kristallzucker! Die aus 100% Rohrzucker hergestellten Zuckerspezialit\u00e4ten der Manufaktur werden zum\" \/>\n<meta name=\"robots\" content=\"index, follow, max-snippet:-1, max-image-preview:large, max-video-preview:-1\" \/>\n<link rel=\"canonical\" href=\"https:\/\/rockcandystickshop.com\/de\/produkt\/kristallzucker-zerkleinerte-kandis1000-g-copy\/\" \/>\n<meta property=\"og:locale\" content=\"de_DE\" \/>\n<meta property=\"og:type\" content=\"article\" \/>\n<meta property=\"og:title\" content=\"Kristallzucker \/ Zerkleinerte Kandis(5000 g) - Rock Candy Stick Shop\" \/>\n<meta property=\"og:description\" content=\"Die eleganteste Form von Rohrzucker, kristallzucker! Die aus 100% Rohrzucker hergestellten Zuckerspezialit\u00e4ten der Manufaktur werden zum\" \/>\n<meta property=\"og:url\" content=\"https:\/\/rockcandystickshop.com\/de\/produkt\/kristallzucker-zerkleinerte-kandis1000-g-copy\/\" \/>\n<meta property=\"og:site_name\" content=\"Rock Candy Stick Shop\" \/>\n<meta property=\"article:modified_time\" content=\"2023-02-23T11:52:33+00:00\" \/>\n<meta property=\"og:image\" content=\"https:\/\/rockcandystickshop.com\/wp-content\/uploads\/2022\/04\/whitecrushed.jpg\" \/>\n\t<meta property=\"og:image:width\" content=\"600\" \/>\n\t<meta property=\"og:image:height\" content=\"800\" \/>\n\t<meta property=\"og:image:type\" content=\"image\/jpeg\" \/>\n<meta name=\"twitter:card\" content=\"summary_large_image\" \/>\n<meta name=\"twitter:label1\" content=\"Gesch\u00e4tzte Lesezeit\" \/>\n\t<meta name=\"twitter:data1\" content=\"1\u00a0Minute\" \/>\n<script type=\"application\/ld+json\" class=\"yoast-schema-graph\">{\"@context\":\"https:\/\/schema.org\",\"@graph\":[{\"@type\":\"WebPage\",\"@id\":\"https:\/\/rockcandystickshop.com\/de\/produkt\/kristallzucker-zerkleinerte-kandis1000-g-copy\/\",\"url\":\"https:\/\/rockcandystickshop.com\/de\/produkt\/kristallzucker-zerkleinerte-kandis1000-g-copy\/\",\"name\":\"Kristallzucker \/ Zerkleinerte Kandis(5000 g) - Rock Candy Stick Shop\",\"isPartOf\":{\"@id\":\"https:\/\/rockcandystickshop.com\/de\/#website\"},\"primaryImageOfPage\":{\"@id\":\"https:\/\/rockcandystickshop.com\/de\/produkt\/kristallzucker-zerkleinerte-kandis1000-g-copy\/#primaryimage\"},\"image\":{\"@id\":\"https:\/\/rockcandystickshop.com\/de\/produkt\/kristallzucker-zerkleinerte-kandis1000-g-copy\/#primaryimage\"},\"thumbnailUrl\":\"https:\/\/rockcandystickshop.com\/wp-content\/uploads\/2022\/04\/whitecrushed.jpg\",\"datePublished\":\"2022-04-19T10:29:54+00:00\",\"dateModified\":\"2023-02-23T11:52:33+00:00\",\"description\":\"Die eleganteste Form von Rohrzucker, kristallzucker! Die aus 100% Rohrzucker hergestellten Zuckerspezialit\u00e4ten der Manufaktur werden zum\",\"breadcrumb\":{\"@id\":\"https:\/\/rockcandystickshop.com\/de\/produkt\/kristallzucker-zerkleinerte-kandis1000-g-copy\/#breadcrumb\"},\"inLanguage\":\"de\",\"potentialAction\":[{\"@type\":\"ReadAction\",\"target\":[\"https:\/\/rockcandystickshop.com\/de\/produkt\/kristallzucker-zerkleinerte-kandis1000-g-copy\/\"]}]},{\"@type\":\"ImageObject\",\"inLanguage\":\"de\",\"@id\":\"https:\/\/rockcandystickshop.com\/de\/produkt\/kristallzucker-zerkleinerte-kandis1000-g-copy\/#primaryimage\",\"url\":\"https:\/\/rockcandystickshop.com\/wp-content\/uploads\/2022\/04\/whitecrushed.jpg\",\"contentUrl\":\"https:\/\/rockcandystickshop.com\/wp-content\/uploads\/2022\/04\/whitecrushed.jpg\",\"width\":600,\"height\":800},{\"@type\":\"BreadcrumbList\",\"@id\":\"https:\/\/rockcandystickshop.com\/de\/produkt\/kristallzucker-zerkleinerte-kandis1000-g-copy\/#breadcrumb\",\"itemListElement\":[{\"@type\":\"ListItem\",\"position\":1,\"name\":\"Home\",\"item\":\"https:\/\/rockcandystickshop.com\/de\/rock-candy-stick-mit-liebe-gemacht\/\"},{\"@type\":\"ListItem\",\"position\":2,\"name\":\"Shop\",\"item\":\"https:\/\/rockcandystickshop.com\/de\/shop-2\/\"},{\"@type\":\"ListItem\",\"position\":3,\"name\":\"Kristallzucker \/ Zerkleinerte Kandis(5000 g)\"}]},{\"@type\":\"WebSite\",\"@id\":\"https:\/\/rockcandystickshop.com\/de\/#website\",\"url\":\"https:\/\/rockcandystickshop.com\/de\/\",\"name\":\"Rock Candy Stick Shop\",\"description\":\"ROCK CANDY STICK \u2013 The most elegant form of cane sugar!\",\"potentialAction\":[{\"@type\":\"SearchAction\",\"target\":{\"@type\":\"EntryPoint\",\"urlTemplate\":\"https:\/\/rockcandystickshop.com\/de\/?s={search_term_string}\"},\"query-input\":{\"@type\":\"PropertyValueSpecification\",\"valueRequired\":true,\"valueName\":\"search_term_string\"}}],\"inLanguage\":\"de\"}]}<\/script>\n<!-- \/ Yoast SEO plugin. -->","yoast_head_json":{"title":"Kristallzucker \/ Zerkleinerte Kandis(5000 g) - Rock Candy Stick Shop","description":"Die eleganteste Form von Rohrzucker, kristallzucker! Die aus 100% Rohrzucker hergestellten Zuckerspezialit\u00e4ten der Manufaktur werden zum","robots":{"index":"index","follow":"follow","max-snippet":"max-snippet:-1","max-image-preview":"max-image-preview:large","max-video-preview":"max-video-preview:-1"},"canonical":"https:\/\/rockcandystickshop.com\/de\/produkt\/kristallzucker-zerkleinerte-kandis1000-g-copy\/","og_locale":"de_DE","og_type":"article","og_title":"Kristallzucker \/ Zerkleinerte Kandis(5000 g) - Rock Candy Stick Shop","og_description":"Die eleganteste Form von Rohrzucker, kristallzucker! Die aus 100% Rohrzucker hergestellten Zuckerspezialit\u00e4ten der Manufaktur werden zum","og_url":"https:\/\/rockcandystickshop.com\/de\/produkt\/kristallzucker-zerkleinerte-kandis1000-g-copy\/","og_site_name":"Rock Candy Stick Shop","article_modified_time":"2023-02-23T11:52:33+00:00","og_image":[{"width":600,"height":800,"url":"https:\/\/rockcandystickshop.com\/wp-content\/uploads\/2022\/04\/whitecrushed.jpg","type":"image\/jpeg"}],"twitter_card":"summary_large_image","twitter_misc":{"Gesch\u00e4tzte Lesezeit":"1\u00a0Minute"},"schema":{"@context":"https:\/\/schema.org","@graph":[{"@type":"WebPage","@id":"https:\/\/rockcandystickshop.com\/de\/produkt\/kristallzucker-zerkleinerte-kandis1000-g-copy\/","url":"https:\/\/rockcandystickshop.com\/de\/produkt\/kristallzucker-zerkleinerte-kandis1000-g-copy\/","name":"Kristallzucker \/ Zerkleinerte Kandis(5000 g) - Rock Candy Stick Shop","isPartOf":{"@id":"https:\/\/rockcandystickshop.com\/de\/#website"},"primaryImageOfPage":{"@id":"https:\/\/rockcandystickshop.com\/de\/produkt\/kristallzucker-zerkleinerte-kandis1000-g-copy\/#primaryimage"},"image":{"@id":"https:\/\/rockcandystickshop.com\/de\/produkt\/kristallzucker-zerkleinerte-kandis1000-g-copy\/#primaryimage"},"thumbnailUrl":"https:\/\/rockcandystickshop.com\/wp-content\/uploads\/2022\/04\/whitecrushed.jpg","datePublished":"2022-04-19T10:29:54+00:00","dateModified":"2023-02-23T11:52:33+00:00","description":"Die eleganteste Form von Rohrzucker, kristallzucker! Die aus 100% Rohrzucker hergestellten Zuckerspezialit\u00e4ten der Manufaktur werden zum","breadcrumb":{"@id":"https:\/\/rockcandystickshop.com\/de\/produkt\/kristallzucker-zerkleinerte-kandis1000-g-copy\/#breadcrumb"},"inLanguage":"de","potentialAction":[{"@type":"ReadAction","target":["https:\/\/rockcandystickshop.com\/de\/produkt\/kristallzucker-zerkleinerte-kandis1000-g-copy\/"]}]},{"@type":"ImageObject","inLanguage":"de","@id":"https:\/\/rockcandystickshop.com\/de\/produkt\/kristallzucker-zerkleinerte-kandis1000-g-copy\/#primaryimage","url":"https:\/\/rockcandystickshop.com\/wp-content\/uploads\/2022\/04\/whitecrushed.jpg","contentUrl":"https:\/\/rockcandystickshop.com\/wp-content\/uploads\/2022\/04\/whitecrushed.jpg","width":600,"height":800},{"@type":"BreadcrumbList","@id":"https:\/\/rockcandystickshop.com\/de\/produkt\/kristallzucker-zerkleinerte-kandis1000-g-copy\/#breadcrumb","itemListElement":[{"@type":"ListItem","position":1,"name":"Home","item":"https:\/\/rockcandystickshop.com\/de\/rock-candy-stick-mit-liebe-gemacht\/"},{"@type":"ListItem","position":2,"name":"Shop","item":"https:\/\/rockcandystickshop.com\/de\/shop-2\/"},{"@type":"ListItem","position":3,"name":"Kristallzucker \/ Zerkleinerte Kandis(5000 g)"}]},{"@type":"WebSite","@id":"https:\/\/rockcandystickshop.com\/de\/#website","url":"https:\/\/rockcandystickshop.com\/de\/","name":"Rock Candy Stick Shop","description":"ROCK CANDY STICK \u2013 The most elegant form of cane sugar!","potentialAction":[{"@type":"SearchAction","target":{"@type":"EntryPoint","urlTemplate":"https:\/\/rockcandystickshop.com\/de\/?s={search_term_string}"},"query-input":{"@type":"PropertyValueSpecification","valueRequired":true,"valueName":"search_term_string"}}],"inLanguage":"de"}]}},"_links":{"self":[{"href":"https:\/\/rockcandystickshop.com\/de\/wp-json\/wp\/v2\/product\/630","targetHints":{"allow":["GET"]}}],"collection":[{"href":"https:\/\/rockcandystickshop.com\/de\/wp-json\/wp\/v2\/product"}],"about":[{"href":"https:\/\/rockcandystickshop.com\/de\/wp-json\/wp\/v2\/types\/product"}],"wp:featuredmedia":[{"embeddable":true,"href":"https:\/\/rockcandystickshop.com\/de\/wp-json\/wp\/v2\/media\/642"}],"wp:attachment":[{"href":"https:\/\/rockcandystickshop.com\/de\/wp-json\/wp\/v2\/media?parent=630"}],"wp:term":[{"taxonomy":"product_cat","embeddable":true,"href":"https:\/\/rockcandystickshop.com\/de\/wp-json\/wp\/v2\/product_cat?post=630"},{"taxonomy":"product_tag","embeddable":true,"href":"https:\/\/rockcandystickshop.com\/de\/wp-json\/wp\/v2\/product_tag?post=630"}],"curies":[{"name":"wp","href":"https:\/\/api.w.org\/{rel}","templated":true}]}}